{"id":5919,"date":"2018-03-14T12:19:56","date_gmt":"2018-03-14T11:19:56","guid":{"rendered":"https:\/\/www.maigut-fotografie.de\/koeln-fotograf\/?page_id=5919"},"modified":"2018-08-27T09:50:41","modified_gmt":"2018-08-27T07:50:41","slug":"preise-hochzeitsbuecher","status":"publish","type":"page","link":"https:\/\/www.maigut-fotografie.de\/koeln-fotograf\/preise-hochzeitsbuecher\/","title":{"rendered":"Preise Hochzeitsb\u00fccher"},"content":{"rendered":"<div  class=\"tatsu-fpbgryxeqp24ncr4 tatsu-section    tatsu-clearfix\" data-title=\"\"  data-headerscheme=\"background--dark\"><div class='tatsu-section-pad clearfix' data-padding='{\"d\":\"90px 0% 0px 0% \"}' data-padding-top='90px'><div class=\"tatsu-row-wrap  tatsu-wrap tatsu-row-one-col tatsu-row-has-one-cols tatsu-medium-gutter tatsu-reg-cols  tatsu-clearfix tatsu-fpbgryxert39ul5v\" ><div  class=\"tatsu-row \" ><div  class=\"tatsu-column  tatsu-column-no-bg tatsu-one-col tatsu-column-image- tatsu-column-effect-  tatsu-fpbgryxesdfc67y3\" data-animation=\"fadeIn\"   data-parallax-speed=\"0\" style=\"\"><div class=\"tatsu-column-inner \" ><div class=\"tatsu-column-pad-wrap\"><div class=\"tatsu-column-pad\" ><div  class=\"tatsu-empty-space  tatsu-fpbgryxeteedfuop  \" ><style>.tatsu-fpbgryxeteedfuop.tatsu-empty-space{height: 30px;}<\/style><\/div><div  class=\"special-subtitle-wrap  tatsu-b7978c3f-b8da-4638-80cf-b889c97a1e0c   tatsu-animate \" data-animation=\"fadeIn\"   ><div class=\"align-center\"><span class=\"special-subtitle\" >Mit unseren Hochzeitsalben k\u00f6nnt Ihr Eure Hochzeit auch nach Jahren in allen Fascetten nachf\u00fchlen. Wir machen Layout und Fotoauswahl f\u00fcr Euch individuell, als nat\u00fcrliche Fortsetzung unserer Fotoreportage. Dabei k\u00f6nnt Ihr frei aus verschiedenen Materialien  und Ausf\u00fchrungen w\u00e4hlen.<\/span><\/div><style>.tatsu-b7978c3f-b8da-4638-80cf-b889c97a1e0c .special-subtitle{font-size: 18px;color: #af9f66 ;width: 100%;}.tatsu-b7978c3f-b8da-4638-80cf-b889c97a1e0c.special-subtitle-wrap{margin-bottom: 30px;}<\/style><\/div><div  class=\"tatsu-empty-space  tatsu-6983106b-b6e1-4e93-b85b-e57233119b2e  \" ><style>.tatsu-6983106b-b6e1-4e93-b85b-e57233119b2e.tatsu-empty-space{height: 30px;}<\/style><\/div><\/div><\/div><div class = \"tatsu-column-bg-image-wrap\"><div class = \"tatsu-column-bg-image tatsu-bg-lazyload\" data-src = \"\"><\/div><\/div><\/div><style>.tatsu-fpbgryxesdfc67y3.tatsu-column > .tatsu-column-inner > .tatsu-column-overlay{mix-blend-mode: none;}.tatsu-fpbgryxesdfc67y3 > .tatsu-column-inner > .tatsu-top-divider{z-index: 9999;}.tatsu-fpbgryxesdfc67y3 > .tatsu-column-inner > .tatsu-bottom-divider{z-index: 9999;}.tatsu-fpbgryxesdfc67y3 > .tatsu-column-inner > .tatsu-left-divider{z-index: 9999;}.tatsu-fpbgryxesdfc67y3 > .tatsu-column-inner > .tatsu-right-divider{z-index: 9999;}.tatsu-fpbgryxesdfc67y3.tatsu-column{transform: translate3d(0px,0px, 0);}<\/style><\/div><\/div><\/div><div class=\"tatsu-row-wrap  tatsu-row-full-width tatsu-row-has-one-half tatsu-row-has-two-cols tatsu-zero-margin tatsu-no-gutter tatsu-eq-cols  tatsu-clearfix tatsu-fpbgryxf887ohjji\" ><div  class=\"tatsu-row \" ><div  class=\"tatsu-column  tatsu-column-no-bg tatsu-one-half tatsu-column-align-middle tatsu-column-image- tatsu-column-effect-  tatsu-fpbgryxf8s1h3k8z\" data-animation=\"flipInX\"   data-parallax-speed=\"0\" style=\"\"><div class=\"tatsu-column-inner \" ><div class=\"tatsu-column-pad-wrap\"><div class=\"tatsu-column-pad\" ><div  class=\"tatsu-module tatsu-text-block-wrap tatsu-fpbgryxf9s1ljyso  \"><div class=\"tatsu-text-inner   clearfix\" data-animation=\"fadeIn\"  >\n<h3>Ein bisschen Qual der Wahl<\/h3>\n<\/div><\/div><div  class=\"special-subtitle-wrap  tatsu-fpbgryxfe2b3gzeu   tatsu-animate \" data-animation=\"fadeIn\"   ><div class=\"align-left\"><span class=\"special-subtitle\" >Leder, Leinen, Faben & Veredelungen<\/span><\/div><style>.tatsu-fpbgryxfe2b3gzeu .special-subtitle{font-size: 18px;color: #af9f66 ;width: 100%;}.tatsu-fpbgryxfe2b3gzeu.special-subtitle-wrap{margin-bottom: 30px;}<\/style><\/div><div  class=\"tatsu-module tatsu-text-block-wrap tatsu-fpbgryxfic1q0h9q  \"><div class=\"tatsu-text-inner tatsu-align-center  clearfix\" data-animation=\"fadeIn\"  >\n<p>Auswahl des Einband-Materials (Leder oder Leinen)<br \/> Auswahl von Farbe und Struktur<br \/> Auswahl des Foto-Papiers (Silk, Matt, Glanz oder Fine Art)<br \/> Auswahl des Schriftdrucks (Farbe, Pr\u00e4gung, Lasergravur oder gef\u00e4rbte Pr\u00e4gung)<\/p>\n<\/div><\/div><\/div><\/div><div class = \"tatsu-column-bg-image-wrap\"><div class = \"tatsu-column-bg-image tatsu-bg-lazyload\" data-src = \"\"><\/div><\/div><\/div><style>.tatsu-fpbgryxf8s1h3k8z.tatsu-column > .tatsu-column-inner > .tatsu-column-pad-wrap > .tatsu-column-pad{padding: 10% 10% 10% 10%;}.tatsu-fpbgryxf8s1h3k8z.tatsu-column > .tatsu-column-inner > .tatsu-column-overlay{mix-blend-mode: none;}.tatsu-fpbgryxf8s1h3k8z > .tatsu-column-inner > .tatsu-top-divider{z-index: 9999;}.tatsu-fpbgryxf8s1h3k8z > .tatsu-column-inner > .tatsu-bottom-divider{z-index: 9999;}.tatsu-fpbgryxf8s1h3k8z > .tatsu-column-inner > .tatsu-left-divider{z-index: 9999;}.tatsu-fpbgryxf8s1h3k8z > .tatsu-column-inner > .tatsu-right-divider{z-index: 9999;}.tatsu-fpbgryxf8s1h3k8z.tatsu-column{transform: translate3d(0px,0px, 0);}<\/style><\/div><div  class=\"tatsu-column  tatsu-column-empty tatsu-one-half tatsu-column-align-middle tatsu-column-image- tatsu-column-effect-  tatsu-fpbgryxfmsb6imgb\" data-animation=\"flipInX\"   data-parallax-speed=\"0\" style=\"\"><div class=\"tatsu-column-inner \" ><div class=\"tatsu-column-pad-wrap\"><div class=\"tatsu-column-pad\" ><\/div><\/div><div class = \"tatsu-column-bg-image-wrap\"><div class = \"tatsu-column-bg-image tatsu-bg-lazyload\" data-src = \"https:\/\/www.maigut-fotografie.de\/koeln-fotograf\/wp-content\/uploads\/sites\/5\/2018\/03\/Hochzeitsfotograf-K\u00f6ln-Bonn-Leverkusen.jpg\"><\/div><\/div><\/div><style>.tatsu-fpbgryxfmsb6imgb.tatsu-column > .tatsu-column-inner > .tatsu-column-bg-image-wrap > .tatsu-column-bg-image{background-image: url(https:\/\/www.maigut-fotografie.de\/koeln-fotograf\/wp-content\/uploads\/sites\/5\/2018\/03\/Hochzeitsfotograf-K\u00f6ln-Bonn-Leverkusen.jpg);background-repeat: no-repeat;background-attachment: scroll;background-position: center right;background-size: cover;}.tatsu-fpbgryxfmsb6imgb.tatsu-column > .tatsu-column-inner > .tatsu-bg-blur{background-repeat: no-repeat;background-attachment: scroll;background-position: center right;background-size: cover;}.tatsu-fpbgryxfmsb6imgb.tatsu-column > .tatsu-column-inner > .tatsu-column-pad-wrap > .tatsu-column-pad{padding: 0% 0% 0% 0%;}.tatsu-fpbgryxfmsb6imgb.tatsu-column > .tatsu-column-inner > .tatsu-column-overlay{mix-blend-mode: none;}.tatsu-fpbgryxfmsb6imgb > .tatsu-column-inner > .tatsu-top-divider{z-index: 9999;}.tatsu-fpbgryxfmsb6imgb > .tatsu-column-inner > .tatsu-bottom-divider{z-index: 9999;}.tatsu-fpbgryxfmsb6imgb > .tatsu-column-inner > .tatsu-left-divider{z-index: 9999;}.tatsu-fpbgryxfmsb6imgb > .tatsu-column-inner > .tatsu-right-divider{z-index: 9999;}.tatsu-fpbgryxfmsb6imgb.tatsu-column{transform: translate3d(0px,0px, 0);}<\/style><\/div><\/div><\/div><div class=\"tatsu-row-wrap  tatsu-row-full-width tatsu-row-has-one-half tatsu-row-has-two-cols tatsu-zero-margin tatsu-no-gutter tatsu-eq-cols  tatsu-clearfix tatsu-fpbgryxfo09f9yqc\" ><div  class=\"tatsu-row \" ><div  class=\"tatsu-column  tatsu-column-empty tatsu-one-half tatsu-column-align-middle tatsu-column-image- tatsu-column-effect-  tatsu-fpbgryxfoi9hn948\" data-animation=\"flipInX\"   data-parallax-speed=\"0\" style=\"\"><div class=\"tatsu-column-inner \" ><div class=\"tatsu-column-pad-wrap\"><div class=\"tatsu-column-pad\" ><\/div><\/div><div class = \"tatsu-column-bg-image-wrap\"><div class = \"tatsu-column-bg-image tatsu-bg-lazyload\" data-src = \"https:\/\/www.maigut-fotografie.de\/koeln-fotograf\/wp-content\/uploads\/sites\/5\/2018\/03\/Hochzeitsfotograf-K\u00f6ln-Bonn-Leverkusen-2.jpg\"><\/div><\/div><\/div><style>.tatsu-fpbgryxfoi9hn948.tatsu-column > .tatsu-column-inner > .tatsu-column-bg-image-wrap > .tatsu-column-bg-image{background-image: url(https:\/\/www.maigut-fotografie.de\/koeln-fotograf\/wp-content\/uploads\/sites\/5\/2018\/03\/Hochzeitsfotograf-K\u00f6ln-Bonn-Leverkusen-2.jpg);background-repeat: no-repeat;background-attachment: scroll;background-position: center center;background-size: cover;}.tatsu-fpbgryxfoi9hn948.tatsu-column > .tatsu-column-inner > .tatsu-bg-blur{background-repeat: no-repeat;background-attachment: scroll;background-position: center center;background-size: cover;}.tatsu-fpbgryxfoi9hn948.tatsu-column > .tatsu-column-inner > .tatsu-column-pad-wrap > .tatsu-column-pad{padding: 0% 0% 0% 0%;}.tatsu-fpbgryxfoi9hn948.tatsu-column > .tatsu-column-inner > .tatsu-column-overlay{mix-blend-mode: none;}.tatsu-fpbgryxfoi9hn948 > .tatsu-column-inner > .tatsu-top-divider{z-index: 9999;}.tatsu-fpbgryxfoi9hn948 > .tatsu-column-inner > .tatsu-bottom-divider{z-index: 9999;}.tatsu-fpbgryxfoi9hn948 > .tatsu-column-inner > .tatsu-left-divider{z-index: 9999;}.tatsu-fpbgryxfoi9hn948 > .tatsu-column-inner > .tatsu-right-divider{z-index: 9999;}.tatsu-fpbgryxfoi9hn948.tatsu-column{transform: translate3d(0px,0px, 0);}<\/style><\/div><div  class=\"tatsu-column  tatsu-column-no-bg tatsu-one-half tatsu-column-align-middle tatsu-column-image- tatsu-column-effect-  tatsu-fpbgryxfpkekxh4k\" data-animation=\"flipInX\"   data-parallax-speed=\"0\" style=\"\"><div class=\"tatsu-column-inner \" ><div class=\"tatsu-column-pad-wrap\"><div class=\"tatsu-column-pad\" ><div  class=\"tatsu-module tatsu-text-block-wrap tatsu-fpbgryxfqhegzg6c  \"><div class=\"tatsu-text-inner   clearfix\" data-animation=\"fadeIn\"  >\n<h3>Von der Reportage zum Fotobuch<\/h3>\n<\/div><\/div><div  class=\"special-subtitle-wrap  tatsu-fpbgryxfujak886h   tatsu-animate \" data-animation=\"fadeIn\"   ><div class=\"align-left\"><span class=\"special-subtitle\" >Bilder nicht nur sehen sondern auch f\u00fchlen<\/span><\/div><style>.tatsu-fpbgryxfujak886h .special-subtitle{font-size: 18px;color: #af9f66 ;width: 100%;}.tatsu-fpbgryxfujak886h.special-subtitle-wrap{margin-bottom: 30px;}<\/style><\/div><div  class=\"tatsu-module tatsu-text-block-wrap tatsu-fpbgryxfyt8wz0gt  \"><div class=\"tatsu-text-inner   clearfix\" data-animation=\"fadeIn\"  ><style>.tatsu-fpbgryxfyt8wz0gt.tatsu-text-block-wrap .tatsu-text-inner{width: 100%;}<\/style>\n<p>Die Fotos eurer Hochzeit bekommt ihr bei uns immer digital in voller Gr\u00f6\u00dfe und Qualit\u00e4t. Damit k\u00f6nnt ihr frei entscheiden, in welcher Form und Gr\u00f6\u00dfe Ihr Eure Bilder zu Papier bringt.<\/p>\n<p>Bei unseren Fotob\u00fcchern haben wir uns nach einigen mittelm\u00e4\u00dfigen Versuchen mit der allseits bekannten Massenware f\u00fcr eine ganz besonders sch\u00f6ne und hochwertige Variante vom Buchbinder entschieden. Denn wir finden, B\u00fccher eignen sich am besten, um Geschichten ein Leben lang immer wieder zu erz\u00e4hlen. Vor allem wenn sie aus tollen Bildern bestehen.\u00a0<\/p>\n<\/div><\/div><div  class=\"special-subtitle-wrap  tatsu-60b352a6-6f32-4769-86dd-0db929c0add5   tatsu-animate \" data-animation=\"fadeIn\"   ><div class=\"align-left\"><span class=\"special-subtitle\" >Die Fertigung Eures Hochzeitsbuches<\/span><\/div><style>.tatsu-60b352a6-6f32-4769-86dd-0db929c0add5 .special-subtitle{font-size: 18px;color: #af9f66 ;width: 100%;}.tatsu-60b352a6-6f32-4769-86dd-0db929c0add5.special-subtitle-wrap{margin-bottom: 30px;}<\/style><\/div><div  class=\"tatsu-module tatsu-text-block-wrap tatsu-a997c962-c239-4305-bf79-3cd06c3a7320  \"><div class=\"tatsu-text-inner   clearfix\" data-animation=\"fadeIn\"  ><style>.tatsu-a997c962-c239-4305-bf79-3cd06c3a7320.tatsu-text-block-wrap .tatsu-text-inner{width: 100%;}<\/style>\n<p>Bevor wir mit dem Layout starten ist unsere erste Frage: &#8222;Welche sind eure 10 Must-have-Fotos?&#8220; Es ist zwar so, dass in unseren Fotob\u00fcchern unser fotografischer Blick auf den Tag wiedergeben wird, trotzdem soll euch keinesfalls das eine Bild fehlen, welches f\u00fcr euch eine ganz besondere Bedeutung hat. Nach Abschluss des Layouts erhaltet Ihr unseren\u00a0Entwurf als PDF per Mail. Anhand dessen k\u00f6nnt ihr ggf. noch das eine oder andere Bilder tauschen lassen. Diese &#8222;Korrekturschleife&#8220; ist im Preis mit enthalten.<br \/> Kurz darauf erhaltet Ihr unseren finalen Entwurf mit Ber\u00fccksichtigung der gew\u00fcnschten \u00c4nderungen, ebenfalls als PDF. Nach Eurem OK geht es dann zu unserem Fotolabor und Buchbinder. Nach\u00a03-6 Wochen Geduld haltet Ihr euer pers\u00f6nliches Einzelst\u00fcck in den H\u00e4nden. Bitte beachtet jedoch, dass nur Layouts, die vor Mitte Oktober abgenommen wurden, noch sicher bis Weihnachten fertig werden.<\/p>\n<\/div><\/div><\/div><\/div><div class = \"tatsu-column-bg-image-wrap\"><div class = \"tatsu-column-bg-image tatsu-bg-lazyload\" data-src = \"\"><\/div><\/div><\/div><style>.tatsu-fpbgryxfpkekxh4k.tatsu-column > .tatsu-column-inner > .tatsu-column-pad-wrap > .tatsu-column-pad{padding: 10% 10% 10% 10%;}.tatsu-fpbgryxfpkekxh4k.tatsu-column > .tatsu-column-inner > .tatsu-column-overlay{mix-blend-mode: none;}.tatsu-fpbgryxfpkekxh4k > .tatsu-column-inner > .tatsu-top-divider{z-index: 9999;}.tatsu-fpbgryxfpkekxh4k > .tatsu-column-inner > .tatsu-bottom-divider{z-index: 9999;}.tatsu-fpbgryxfpkekxh4k > .tatsu-column-inner > .tatsu-left-divider{z-index: 9999;}.tatsu-fpbgryxfpkekxh4k > .tatsu-column-inner > .tatsu-right-divider{z-index: 9999;}.tatsu-fpbgryxfpkekxh4k.tatsu-column{transform: translate3d(0px,0px, 0);}<\/style><\/div><\/div><\/div><div class=\"tatsu-row-wrap  tatsu-row-full-width tatsu-row-has-one-half tatsu-row-has-two-cols tatsu-zero-margin tatsu-no-gutter tatsu-eq-cols  tatsu-clearfix tatsu-fpbgryxhfjeimchy\" ><div  class=\"tatsu-row \" ><div  class=\"tatsu-column  tatsu-column-no-bg tatsu-one-half tatsu-column-align-middle tatsu-column-image- tatsu-column-effect-  tatsu-fpbgryxhg2400375\" data-animation=\"flipInX\"   data-parallax-speed=\"0\" style=\"\"><div class=\"tatsu-column-inner \" ><div class=\"tatsu-column-pad-wrap\"><div class=\"tatsu-column-pad\" ><div  class=\"tatsu-module tatsu-text-block-wrap tatsu-fpbgryxhh06i6irb  \"><div class=\"tatsu-text-inner   clearfix\" data-animation=\"fadeIn\"  >\n<h3>Preise<\/h3>\n<\/div><\/div><div  class=\"special-subtitle-wrap  tatsu-fpbgryxhl4fpkhl0   tatsu-animate \" data-animation=\"fadeIn\"   ><div class=\"align-left\"><span class=\"special-subtitle\" >Layout, Labor und Handwerk - fair kalkuiert<\/span><\/div><style>.tatsu-fpbgryxhl4fpkhl0 .special-subtitle{font-size: 18px;color: #af9f66 ;width: 100%;}.tatsu-fpbgryxhl4fpkhl0.special-subtitle-wrap{margin-bottom: 30px;}<\/style><\/div><div  class=\"tatsu-module tatsu-text-block-wrap tatsu-fpbgryxhpa5hwkld  \"><div class=\"tatsu-text-inner tatsu-align-center  clearfix\" data-animation=\"fadeIn\"  >\n<p>Unsere Fotob\u00fccher werden einzeln in\u00a0liebevoll gestalteten Collagen gelayoutet, hochwertig mit ausgekl\u00fcgeltem Farbmanagement ausbelichtet und auf echten Galerie-Karton aufgezogen. Danach geht es zum Buchbinder, der daraus ein gro\u00dfformatiges Buch im Leder- oder Leineneinband\u00a0Eurer Wahl fertigt.<\/p>\n<p>Dabei berechnen wir die Kosten ganz simpel entsprechend des entstehenden Aufwands. Deshalb ist durch die nur einmal anfallenden Layout-Arbeiten das erste Exemplar eines Fotobuches immer etwas teurer. Bei weiteren (Eltern-) Exemplaren reichen wir jedoch nur noch unsere Labor- &amp; Buchbinder-Kosten an euch weiter, das Layout steht dann ja bereits:<\/p>\n<p>Fotobuch, ca. 34 Seiten auf Fotokarton 30x30cm (aufgeschlagen 60x30cm Panorama-Ma\u00df, ca. 3kg)<\/p>\n<p>Erstes Buch 30x30cm: 590\u20ac<br \/>Jedes weitere 30x30cm Buch: 295\u20ac<\/p>\n<p>oder als Paket:<br \/>1x 30x30cm Buch &amp; 2x 20x20cm Elternb\u00fccher gleicher Material-Ausf\u00fchrung: \u20ac950<\/p>\n<p>Bei besonderen Materialw\u00fcnschen z.B. Hahnem\u00fchle Fotopapiere o.\u00e4. k\u00f6nnen die Kosten variieren. Sprecht uns einfach an!<\/p>\n<\/div><\/div><\/div><\/div><div class = \"tatsu-column-bg-image-wrap\"><div class = \"tatsu-column-bg-image tatsu-bg-lazyload\" data-src = \"\"><\/div><\/div><\/div><style>.tatsu-fpbgryxhg2400375.tatsu-column > .tatsu-column-inner > .tatsu-column-pad-wrap > .tatsu-column-pad{padding: 10% 10% 10% 10%;}.tatsu-fpbgryxhg2400375.tatsu-column > .tatsu-column-inner > .tatsu-column-overlay{mix-blend-mode: none;}.tatsu-fpbgryxhg2400375 > .tatsu-column-inner > .tatsu-top-divider{z-index: 9999;}.tatsu-fpbgryxhg2400375 > .tatsu-column-inner > .tatsu-bottom-divider{z-index: 9999;}.tatsu-fpbgryxhg2400375 > .tatsu-column-inner > .tatsu-left-divider{z-index: 9999;}.tatsu-fpbgryxhg2400375 > .tatsu-column-inner > .tatsu-right-divider{z-index: 9999;}.tatsu-fpbgryxhg2400375.tatsu-column{transform: translate3d(0px,0px, 0);}<\/style><\/div><div  class=\"tatsu-column  tatsu-column-empty tatsu-one-half tatsu-column-align-middle tatsu-column-image- tatsu-column-effect-  tatsu-fpbgryxhtn5vkmxd\" data-animation=\"flipInX\"   data-parallax-speed=\"0\" style=\"\"><div class=\"tatsu-column-inner \" ><div class=\"tatsu-column-pad-wrap\"><div class=\"tatsu-column-pad\" ><\/div><\/div><div class = \"tatsu-column-bg-image-wrap\"><div class = \"tatsu-column-bg-image tatsu-bg-lazyload\" data-src = \"https:\/\/www.maigut-fotografie.de\/koeln-fotograf\/wp-content\/uploads\/sites\/5\/2018\/03\/Hochzeitsfotograf-K\u00f6ln-Bonn-Leverkusen-3.jpg\"><\/div><\/div><\/div><style>.tatsu-fpbgryxhtn5vkmxd.tatsu-column > .tatsu-column-inner > .tatsu-column-bg-image-wrap > .tatsu-column-bg-image{background-image: url(https:\/\/www.maigut-fotografie.de\/koeln-fotograf\/wp-content\/uploads\/sites\/5\/2018\/03\/Hochzeitsfotograf-K\u00f6ln-Bonn-Leverkusen-3.jpg);background-repeat: no-repeat;background-attachment: scroll;background-position: center left;background-size: cover;}.tatsu-fpbgryxhtn5vkmxd.tatsu-column > .tatsu-column-inner > .tatsu-bg-blur{background-repeat: no-repeat;background-attachment: scroll;background-position: center left;background-size: cover;}.tatsu-fpbgryxhtn5vkmxd.tatsu-column > .tatsu-column-inner > .tatsu-column-pad-wrap > .tatsu-column-pad{padding: 0% 0% 0% 0%;}.tatsu-fpbgryxhtn5vkmxd.tatsu-column > .tatsu-column-inner > .tatsu-column-overlay{mix-blend-mode: none;}.tatsu-fpbgryxhtn5vkmxd > .tatsu-column-inner > .tatsu-top-divider{z-index: 9999;}.tatsu-fpbgryxhtn5vkmxd > .tatsu-column-inner > .tatsu-bottom-divider{z-index: 9999;}.tatsu-fpbgryxhtn5vkmxd > .tatsu-column-inner > .tatsu-left-divider{z-index: 9999;}.tatsu-fpbgryxhtn5vkmxd > .tatsu-column-inner > .tatsu-right-divider{z-index: 9999;}.tatsu-fpbgryxhtn5vkmxd.tatsu-column{transform: translate3d(0px,0px, 0);}<\/style><\/div><\/div><\/div><\/div><div class=\"tatsu-section-background-wrap\"><div class = \"tatsu-section-background tatsu-bg-lazyload\" data-src = \"\"><\/div><\/div><style>.tatsu-fpbgryxeqp24ncr4 .tatsu-section-pad{padding: 90px 0% 0px 0% ;}.tatsu-fpbgryxeqp24ncr4.tatsu-section{margin: 0px 0px 0px 0px;}.tatsu-fpbgryxeqp24ncr4 > .tatsu-bottom-divider{z-index: 9999;}.tatsu-fpbgryxeqp24ncr4 > .tatsu-top-divider{z-index: 9999;}<\/style><\/div><div id=\"preisgestaltung\" class=\"tatsu-fpbgryxiqffdx69h tatsu-section  tatsu-bg-overlay   tatsu-clearfix\" data-title=\"\"  data-headerscheme=\"background--light\"><div class='tatsu-section-pad clearfix' data-padding='{\"d\":\"0px 0% 0px 0%\"}' data-padding-top='0px'><div class=\"tatsu-row-wrap  tatsu-wrap tatsu-row-one-col tatsu-row-has-one-cols tatsu-medium-gutter tatsu-reg-cols  tatsu-clearfix tatsu-fpbgryxir721h3pi\" ><div  class=\"tatsu-row \" ><div  class=\"tatsu-column  tatsu-column-no-bg tatsu-one-col tatsu-column-image- tatsu-column-effect-  tatsu-fpbgryxirpbtnsrn\" data-animation=\"fadeIn\"   data-parallax-speed=\"0\" style=\"\"><div class=\"tatsu-column-inner \" ><div class=\"tatsu-column-pad-wrap\"><div class=\"tatsu-column-pad\" ><div  class=\"tatsu-empty-space  tatsu-fpbgryxisn5cxdi7  \" ><style>.tatsu-fpbgryxisn5cxdi7.tatsu-empty-space{height: 30px;}<\/style><\/div><div  class=\"tatsu-empty-space  tatsu-fpdu7knm1wbd2qcw  \" ><style>.tatsu-fpdu7knm1wbd2qcw.tatsu-empty-space{height: 60px;}<\/style><\/div><div  class=\"tatsu-module tatsu-call-to-action tatsu-clearfix  tatsu-fpdu7knm2f61bq4p  \" data-animation=\"fadeIn\"  ><div class=\"tatsu-cta-inner\"><h5 class=\"tatsu-action-content\" >FRAGEN, SONDERW\u00dcNSCHE ODER EINFACH NUR HALLO SAGEN? :)<\/h5><a class=\"mediumbtn tatsu-button rounded tatsu-action-button   \" href=\"\/koeln-fotograf\/kontakt\/\" data-gdpr-atts={} ><span>Schreibt uns!<\/span><\/a><style>.tatsu-fpdu7knm2f61bq4p.tatsu-call-to-action{background-color: #af9f66;}.tatsu-fpdu7knm2f61bq4p .tatsu-action-content{color: #ffffff ;}.tatsu-fpdu7knm2f61bq4p .tatsu-action-button:hover{background: #ffffff;border-color: #ffffff; }.tatsu-fpdu7knm2f61bq4p .tatsu-action-button span{color: #ffffff ;}.tatsu-fpdu7knm2f61bq4p .tatsu-action-button:hover span{color: #af9f66 ;}.tatsu-fpdu7knm2f61bq4p .tatsu-action-button{border-width: 1px;border-color: #ffffff; }<\/style><\/div><\/div><div  class=\"tatsu-empty-space  tatsu-fpbgryxj1764yvnw  \" ><style>.tatsu-fpbgryxj1764yvnw.tatsu-empty-space{height: 30px;}<\/style><\/div><\/div><\/div><div class = \"tatsu-column-bg-image-wrap\"><div class = \"tatsu-column-bg-image tatsu-bg-lazyload\" data-src = \"\"><\/div><\/div><\/div><style>.tatsu-fpbgryxirpbtnsrn.tatsu-column > .tatsu-column-inner > .tatsu-column-overlay{mix-blend-mode: none;}.tatsu-fpbgryxirpbtnsrn > .tatsu-column-inner > .tatsu-top-divider{z-index: 9999;}.tatsu-fpbgryxirpbtnsrn > .tatsu-column-inner > .tatsu-bottom-divider{z-index: 9999;}.tatsu-fpbgryxirpbtnsrn > .tatsu-column-inner > .tatsu-left-divider{z-index: 9999;}.tatsu-fpbgryxirpbtnsrn > .tatsu-column-inner > .tatsu-right-divider{z-index: 9999;}.tatsu-fpbgryxirpbtnsrn.tatsu-column{transform: translate3d(0px,0px, 0);}<\/style><\/div><\/div><\/div><\/div><div class=\"tatsu-section-background-wrap\"><div class = \"tatsu-section-background tatsu-bg-lazyload\" data-src = \"\"><\/div><\/div><div class=\"tatsu-overlay tatsu-section-overlay\"><\/div><style>.tatsu-fpbgryxiqffdx69h{border-width: 0px 0px px 0px;border-style: solid;}.tatsu-fpbgryxiqffdx69h .tatsu-section-pad{padding: 0px 0% 0px 0%;}.tatsu-fpbgryxiqffdx69h.tatsu-section{margin: 0px 0px 0px 0px;}.tatsu-fpbgryxiqffdx69h > .tatsu-bottom-divider{z-index: 9999;}.tatsu-fpbgryxiqffdx69h > .tatsu-top-divider{z-index: 9999;}.tatsu-fpbgryxiqffdx69h .tatsu-section-overlay{background: rgba(175,159,102,1);}@media only screen and (max-width:1377px) {.tatsu-fpbgryxiqffdx69h{border-style: solid;}}@media only screen and (min-width:768px) and (max-width: 1024px) {.tatsu-fpbgryxiqffdx69h{border-style: solid;}}@media only screen and (max-width: 767px) {.tatsu-fpbgryxiqffdx69h{border-style: solid;}}<\/style><\/div>\n","protected":false},"excerpt":{"rendered":"<p><a href=\"https:\/\/www.maigut-fotografie.de\/koeln-fotograf\/preise-hochzeitsbuecher\/\" class=\"more-link style3-button\">Weiterlesen<\/a><\/p>","protected":false},"author":1,"featured_media":0,"parent":0,"menu_order":0,"comment_status":"closed","ping_status":"closed","template":"","meta":{"_acf_changed":false,"iawp_total_views":5,"footnotes":""},"class_list":["post-5919","page","type-page","status-publish","hentry"],"acf":[],"_links":{"self":[{"href":"https:\/\/www.maigut-fotografie.de\/koeln-fotograf\/wp-json\/wp\/v2\/pages\/5919","targetHints":{"allow":["GET"]}}],"collection":[{"href":"https:\/\/www.maigut-fotografie.de\/koeln-fotograf\/wp-json\/wp\/v2\/pages"}],"about":[{"href":"https:\/\/www.maigut-fotografie.de\/koeln-fotograf\/wp-json\/wp\/v2\/types\/page"}],"author":[{"embeddable":true,"href":"https:\/\/www.maigut-fotografie.de\/koeln-fotograf\/wp-json\/wp\/v2\/users\/1"}],"replies":[{"embeddable":true,"href":"https:\/\/www.maigut-fotografie.de\/koeln-fotograf\/wp-json\/wp\/v2\/comments?post=5919"}],"version-history":[{"count":0,"href":"https:\/\/www.maigut-fotografie.de\/koeln-fotograf\/wp-json\/wp\/v2\/pages\/5919\/revisions"}],"wp:attachment":[{"href":"https:\/\/www.maigut-fotografie.de\/koeln-fotograf\/wp-json\/wp\/v2\/media?parent=5919"}],"curies":[{"name":"wp","href":"https:\/\/api.w.org\/{rel}","templated":true}]}}