{"id":5189,"date":"2016-11-08T20:57:54","date_gmt":"2016-11-08T19:57:54","guid":{"rendered":"https:\/\/www.maigut-fotografie.de\/koeln-fotograf\/?page_id=5189"},"modified":"2025-10-20T17:27:53","modified_gmt":"2025-10-20T15:27:53","slug":"gutschein-fotoshooting","status":"publish","type":"page","link":"https:\/\/www.maigut-fotografie.de\/koeln-fotograf\/gutschein-fotoshooting\/","title":{"rendered":"Gutscheine: Euer Fotoshooting zum Verschenken"},"content":{"rendered":"<div  class=\"tatsu-Bkb6Ytv7u tatsu-section  tatsu-section-custom-height   tatsu-clearfix\" data-title=\"\"  data-headerscheme=\"background--dark\"><div class = \"tatsu-custom-height-wrap\"><div class='tatsu-section-pad clearfix' data-padding='{\"d\":\"120px 0px 120px 0px \"}' data-padding-top='120px'><div class=\"tatsu-row-wrap  tatsu-wrap tatsu-row-one-col tatsu-row-has-one-cols tatsu-medium-gutter tatsu-reg-cols  tatsu-clearfix tatsu-B1gWaFKvXu\" ><div  class=\"tatsu-row \" ><div  class=\"tatsu-column  tatsu-column-no-bg tatsu-column-empty tatsu-one-col tatsu-column-image-none tatsu-column-effect-none  tatsu-r1b-6YFD7u\"  data-parallax-speed=\"0\" style=\"\"><div class=\"tatsu-column-inner \" ><div class=\"tatsu-column-pad-wrap\"><div class=\"tatsu-column-pad\" ><\/div><\/div><div class = \"tatsu-column-bg-image-wrap\"><div class = \"tatsu-column-bg-image tatsu-bg-lazyload\" data-src = \"\"><\/div><\/div><\/div><style>.tatsu-row > .tatsu-r1b-6YFD7u.tatsu-column{width: 100%;}.tatsu-r1b-6YFD7u.tatsu-column > .tatsu-column-inner > .tatsu-column-overlay{mix-blend-mode: none;}.tatsu-r1b-6YFD7u > .tatsu-column-inner > .tatsu-top-divider{z-index: 9999;}.tatsu-r1b-6YFD7u > .tatsu-column-inner > .tatsu-bottom-divider{z-index: 9999;}.tatsu-r1b-6YFD7u > .tatsu-column-inner > .tatsu-left-divider{z-index: 9999;}.tatsu-r1b-6YFD7u > .tatsu-column-inner > .tatsu-right-divider{z-index: 9999;}<\/style><\/div><\/div><\/div><\/div><div class=\"tatsu-section-background-wrap\"><div class = \"tatsu-bg-blur\" style = \"background-image : url(data:image\/jpeg;base64,\/9j\/4AAQSkZJRgABAQAAAQABAAD\/2wBDAAYEBAUEBAYFBQUGBgYHCQ4JCQgICRINDQoOFRIWFhUSFBQXGiEcFxgfGRQUHScdHyIjJSUlFhwpLCgkKyEkJST\/2wBDAQYGBgkICREJCREkGBQYJCQkJCQkJCQkJCQkJCQkJCQkJCQkJCQkJCQkJCQkJCQkJCQkJCQkJCQkJCQkJCQkJCT\/wgARCAAyAFUDASIAAhEBAxEB\/8QAGwAAAgMBAQEAAAAAAAAAAAAAAAUDBAYCBwH\/xAAYAQEBAQEBAAAAAAAAAAAAAAADAgQAAf\/aAAwDAQACEAMQAAABUzxVMWxpTzS9i2ljP7Q0ScaRvFefnp+PuFJKVONo6FfoGpNxzcWfVvP91h2T\/FTgkpvkd3vFI8EjG4PcN67H7S\/OCTcfKxJLewalo9IwEDdIXjQqVGyA6tfQBu8iFStnBzl5DujAQ\/\/EACUQAAICAQQABgMAAAAAAAAAAAIDAAEEBRESExAUIjIzQRUxQv\/aAAgBAQABBQIbGcbKdW1G5KaxSDMnTDXOBy1MqdcER2A64tzwVG6gw5yu70ZvHNXiW4lilbw9N2AtDJ0\/yxntu7JcdwFEc6wqA7g5HyOxhbYvIxrLdWT6HA\/CNR6xjdWT11ctp3VDZ3i6M18QjhH9vmyRynQNwD4wslQRgfkNNobuYukOdMXTVIoRoa\/q6rv3qNHaOz8vJMdNoqw8iktXgIQwam83j\/a9xXCURQMaoCxCW+fWP8HjqJX5j7XB95\/qp\/\/EAB0RAAIBBAMAAAAAAAAAAAAAAAABAgMQERIhMUH\/2gAIAQMBAT8B6JVV4Qe0TQcbTynzahBpCyamCVPfkhSUbOQ8swilaR6Pq3\/\/xAAfEQACAQUAAwEAAAAAAAAAAAABAgADEBESMQQTIUH\/2gAIAQIBAT8B7yLSP7HGrTeBrU8Fci3kOpPyGbTYxavryJUrM1lTMACzZpWsnYeQdt\/\/xAAsEAABAwEGBAYDAQAAAAAAAAABAAIRIQMQEiIxYRMgQlEjMkFygaFScZGx\/9oACAEBAAY\/AtJKqqugKv2nxOVeX+3Q1qzAj4u1VRm2UYq7LLlUmpTW+jxCdnjCYRsdXitbsLhIKno9Cu6LXHDsLqCi8ys3joMq1jqg\/Sxgw9ujlTCCNSuE6zdwx1migiQVDAXN2XEHltP9TpoGiYUTA7Bd1nyBOBJdpqmltuWN\/AAriBsHt3U6qFntGt\/ZThHiWelwLsjd1QV7qiKadrsTK7LC3wWrFaPc4lAE5TQovYypM15MXEwKLO1f7pWa0e75XUpKpdZ+3kiTHN\/\/xAAkEAEAAgIBBAIDAQEAAAAAAAABABEhMVFBYXGBkaEQweHw8f\/aAAgBAQABPyG1hcjOifMcn6yJXN5UGxq2AVcyzYe+AYb9YJ1Vngit+fpENWh5n8Ywi8LohjR2ZswGDnbG6HkYrjkfvNSyuLHFByJtRMAVJHqNvZ08wDCocIBpxfiiU7ovbTjHEMrVOGtzBNV\/l6lIOdxMqeqM3TB9kUp8uIXDgqWw7I\/tKwKy39oKORAda58ylPTCYIKla2+2GxoKW7Q6Q6XnxpmRctnol4VgyDEdtR8GuBJ3VHp\/IxQMQDZ7fELZ+XcogJYeqNWC2IBtgBEfUsYMWVRv5nLgX\/YxDecTPJ1sq8SiFCE46Hqy0E5SmxTumCc\/bLCgM7pgXQKjKVHOEPwRNyCqL\/Jpjepms\/\/aAAwDAQACAAMAAAAQ3amyDCQxO5fN83BCc+idehB9\/8QAGxEBAAMBAQEBAAAAAAAAAAAAAQARMSEQIHH\/2gAIAQMBAT8QaFrUBi4xLs6LvweMKRdgRJZElsqc63Ey+B\/Z0zfKsIjrPj4h6P\/EABsRAQEBAQADAQAAAAAAAAAAAAERACEQMVEg\/9oACAECAQE\/EAVBcv3mJi8yRk18C5AGD4AV60AduLkJj4boDj03DWHzBdF1zVe+D1P0B\/\/EACUQAQACAgEEAgMAAwAAAAAAAAEAESExQVFhcYGRoRCxwdHh8P\/aAAgBAQABPxDIaMWrA5T2vr0Raxyl0+JXi2qHwbZmCgEpbyc8cxGHkWn6ICgugP8AYwEboDV7nwXBHRwloChzPJ+JQ3Y4uFOPWGHzmOhdWr3uiNvlT97r0RwtbW1lfZyd6p9n3L9Vsd3vXhOY2t6ThDg0pC0zDsJZfUOSPbXva7F1lHAdb\/zElqLqJseX3+BxSUuYxV\/s+Yzg0wwHFiueuAhpmICqAXeW+qwUgz3jIIUAgImC8PbqTMAAwOag4jBD1Aq3NCw7M\/cFimLVuMrUiWnbuiFQu0DH8PuMlhAdAXu1\/wBqVSZMezZ1rsyuN8YzbKhsbtMjw69\/EFloFzVNeoKvoYIKEoWLeV5I1CPVbwvFmyFqisrB8Q1s67RQtLFKeFl35SVZXI+bEuGLiiUNkNhF42+ajCIlOV++PBUAEShm0X7gKyZTWSaQDuxhiLDG+pAdJXK3rO1+JuApNN+7LHJBFFdjBmNwtrdcAzxMTBMJiI8wXJiVhL+f5N\/QgJfBeI3nHP1Cws5ugvom7jo68dOWDoAxgv8ApNnuIgpyrfH57xmELCQxwTl2ISlou59Blpyd5kbzP\/\/Z);\"\"><\/div><div class = \"tatsu-section-background tatsu-bg-lazyload\" data-src = \"https:\/\/www.maigut-fotografie.de\/koeln-fotograf\/wp-content\/uploads\/sites\/5\/2021\/03\/Fotoshooting-Gutschein-Koeln_2.jpg\"><\/div><\/div><\/div><style>.tatsu-Bkb6Ytv7u .tatsu-section-background{background-image: url(https:\/\/www.maigut-fotografie.de\/koeln-fotograf\/wp-content\/uploads\/sites\/5\/2021\/03\/Fotoshooting-Gutschein-Koeln_2.jpg);background-repeat: no-repeat;background-attachment: scroll;background-position: center left;background-size: cover;}.tatsu-Bkb6Ytv7u .tatsu-bg-blur{background-repeat: no-repeat;background-attachment: scroll;background-position: center left;background-size: cover;}.tatsu-Bkb6Ytv7u .tatsu-section-pad{padding: 120px 0px 120px 0px ;}.tatsu-Bkb6Ytv7u > .tatsu-bottom-divider{z-index: 9999;}.tatsu-Bkb6Ytv7u > .tatsu-top-divider{z-index: 9999;}.tatsu-Bkb6Ytv7u .tatsu-custom-height-wrap{align-items: center;min-height: 50vh;}<\/style><\/div><div  class=\"tatsu-fprhwwznvsc8b82t tatsu-section    tatsu-clearfix\" data-title=\"\"  data-headerscheme=\"background--light\"><div class='tatsu-section-pad clearfix' data-padding='{\"d\":\"8% 7% 8% 7%\"}' data-padding-top='8%'><div class=\"tatsu-row-wrap  tatsu-row-full-width tatsu-row-one-col tatsu-row-has-one-cols tatsu-medium-gutter tatsu-reg-cols  tatsu-clearfix tatsu-fprhwwzo6d4s29n9\" ><div  class=\"tatsu-row \" ><div  class=\"tatsu-column  tatsu-column-no-bg tatsu-one-col tatsu-column-image-none tatsu-column-effect-none  tatsu-fprhwwzo6x1wkbqm\"  data-parallax-speed=\"0\" style=\"\"><div class=\"tatsu-column-inner \" ><div class=\"tatsu-column-pad-wrap\"><div class=\"tatsu-column-pad\" ><div  class=\"special-heading-wrap style3  tatsu-sPHP4s1cf oshine-module 1   \" ><div class=\"caption-wrap top-caption\"><h6 class=\"caption body-font\">Die 7 wichtigsten Fragen und Antworten zu unseren Gutscheinen<span class=\"caption-inner\"><\/span><\/h6><\/div><div class=\"special-heading align-center\"><h2 class=\"special-h-tag\">Fotoshooting Geschenkgutschein<\/h2><\/div><style>.tatsu-sPHP4s1cf .special-h-tag{color: rgba(102,102,102,1) ;}.tatsu-sPHP4s1cf .top-caption h6{color: #757575 ;font-size: 18px;}.tatsu-sPHP4s1cf .bottom-caption h6{color: #757575 ;font-size: 18px;}.tatsu-sPHP4s1cf.special-heading-wrap.style3 .top-caption .caption .caption-inner{background: rgba(255,255,255,1);}.tatsu-sPHP4s1cf.special-heading-wrap.style3 .bottom-caption .caption .caption-inner{background: rgba(239,239,239,0);}<\/style><\/div><\/div><\/div><div class = \"tatsu-column-bg-image-wrap\"><div class = \"tatsu-column-bg-image tatsu-bg-lazyload\" data-src = \"\"><\/div><\/div><\/div><style>.tatsu-row > .tatsu-fprhwwzo6x1wkbqm.tatsu-column{width: 100%;}.tatsu-fprhwwzo6x1wkbqm.tatsu-column > .tatsu-column-inner > .tatsu-column-overlay{mix-blend-mode: none;}.tatsu-fprhwwzo6x1wkbqm > .tatsu-column-inner > .tatsu-top-divider{z-index: 9999;}.tatsu-fprhwwzo6x1wkbqm > .tatsu-column-inner > .tatsu-bottom-divider{z-index: 9999;}.tatsu-fprhwwzo6x1wkbqm > .tatsu-column-inner > .tatsu-left-divider{z-index: 9999;}.tatsu-fprhwwzo6x1wkbqm > .tatsu-column-inner > .tatsu-right-divider{z-index: 9999;}@media only screen and (max-width:1377px) {.tatsu-row > .tatsu-fprhwwzo6x1wkbqm.tatsu-column{width: 100%;}}@media only screen and (min-width:768px) and (max-width: 1024px) {.tatsu-row > .tatsu-fprhwwzo6x1wkbqm.tatsu-column{width: 100%;}}@media only screen and (max-width: 767px) {.tatsu-row > .tatsu-fprhwwzo6x1wkbqm.tatsu-column{width: 100%;}}<\/style><\/div><\/div><\/div><div class=\"tatsu-row-wrap  tatsu-row-full-width tatsu-row-has-one-half tatsu-row-has-two-cols tatsu-large-gutter tatsu-reg-cols  tatsu-clearfix tatsu-HytiHOeVt\" ><div  class=\"tatsu-row \" ><div  class=\"tatsu-column  tatsu-column-no-bg tatsu-one-half tatsu-column-image-none tatsu-column-effect-none  tatsu-rkxKoHulEF\"  data-parallax-speed=\"0\" style=\"\"><div class=\"tatsu-column-inner \" ><div class=\"tatsu-column-pad-wrap\"><div class=\"tatsu-column-pad\" ><div  class=\"tatsu-module tatsu-text-block-wrap tatsu-SJsZCOe4t  \"><div class=\"tatsu-text-inner tatsu-align-center  clearfix\" ><style>.tatsu-SJsZCOe4t.tatsu-text-block-wrap .tatsu-text-inner{width: 100%;text-align: center;}.tatsu-SJsZCOe4t.tatsu-text-block-wrap{margin: 0px 0px 60px 0px;}<\/style>\n<h3>FAQ<\/h3>\n<\/div><\/div><ol  class=\"tatsu-module tatsu-list tatsu-HkGKjrOx4K    tatsu-list-vertical-align-top tatsu-lists-number tatsu-lists-timeline tatsu-lists-circled\" ><style>.tatsu-HkGKjrOx4K{margin: 0px 0px 5% 0px;}.tatsu-HkGKjrOx4K .tatsu-lists-timeline-element{background: rgba(102,102,102,1);}.tatsu-HkGKjrOx4K .tatsu-list-content{margin: 0 0 40px 0px;}.tatsu-HkGKjrOx4K .tatsu-list-content::before, .tatsu-HkGKjrOx4K .tatsu-list-icon-wrap{background: #af9f66;}.tatsu-HkGKjrOx4K .tatsu-list-content::before, .tatsu-HkGKjrOx4K .tatsu-icon{color: rgba(255,255,255,1) ;}<\/style><li  class=\"tatsu-list-content tatsu-H17toHulVK   \" ><div class=\"tatsu-list-inner\">\n<p><strong>Was kosten Eure Gutscheine?<\/strong><\/p>\n<p>Ihr k\u00f6nnt den Wert Eures Geschenk-Gutscheins frei bestimmen. Als Richtwert\u00a0findet Ihr unter dem\u00a0<a href=\"https:\/\/www.maigut-fotografie.de\/koeln-fotograf\/preise-fotograf\/\">Men\u00fcpunkt \u201ePreise\u201c<\/a> zahlreiche Shooting-Beispiele. Nationaler\u00a0Versand kostet 2\u20ac.<\/p>\n<\/div><style>.tatsu-H17toHulVK .tatsu-list-icon-wrap,.tatsu-H17toHulVK.tatsu-list-content::before{background: #af9f66;}.tatsu-H17toHulVK .tatsu-icon, .tatsu-H17toHulVK.tatsu-list-content::before{color: #ffffff ;}.tatsu-H17toHulVK{border-style: solid;}<\/style><\/li><li  class=\"tatsu-list-content tatsu-B1p-NU_4K   \" ><div class=\"tatsu-list-inner\">\n<p><strong>Gibt es ein Ablaufdatum?<\/strong> Wir richten uns nach der allgemeinen Verj\u00e4hrungsfrist von drei Jahren, die z.B. von der <a href=\"https:\/\/www.verbraucherzentrale.de\/wissen\/vertraege-reklamation\/kundenrechte\/gutscheine-als-geschenk-so-lange-sind-sie-gueltig-13861\" target=\"_blank\" rel=\"noopener\">Verbraucherzentrale<\/a> als G\u00fcltigkeitsdauer empfohlen wird.<\/p>\n<\/div><style>.tatsu-B1p-NU_4K .tatsu-list-icon-wrap,.tatsu-B1p-NU_4K.tatsu-list-content::before{background: #af9f66;}.tatsu-B1p-NU_4K .tatsu-icon, .tatsu-B1p-NU_4K.tatsu-list-content::before{color: #ffffff ;}.tatsu-B1p-NU_4K{border-style: solid;}<\/style><\/li><li  class=\"tatsu-list-content tatsu-ByEYoBOl4F   \" ><div class=\"tatsu-list-inner\">\n<p><strong>Tut doch was! Ich brauch&#8216; heute noch ein Geschenk!<\/strong><\/p>\n<p>Wir schicken dir gerne einen Gutschein per Email zum Selbstausdrucken. Den Wert kannst du dann einfach \u00fcberweisen.<\/p>\n<\/div><style>.tatsu-ByEYoBOl4F .tatsu-list-icon-wrap,.tatsu-ByEYoBOl4F.tatsu-list-content::before{background: #af9f66;}.tatsu-ByEYoBOl4F .tatsu-icon, .tatsu-ByEYoBOl4F.tatsu-list-content::before{color: #ffffff ;}.tatsu-ByEYoBOl4F{border-style: solid;}<\/style><\/li><li  class=\"tatsu-list-content tatsu-HJStjSdeVF   \" ><div class=\"tatsu-list-inner\">\n<p><strong>Wie bekomme ich meinen Geschenkgutschein?<\/strong><\/p>\n<p>Mach&#8216; einfach kurz einen Termin zur Abholung bei uns. F\u00fcr pauschal 2\u20ac schicken wir deinen Geschenkgutschein auch gerne per Post.<\/p>\n<\/div><style>.tatsu-HJStjSdeVF .tatsu-list-icon-wrap,.tatsu-HJStjSdeVF.tatsu-list-content::before{background: #af9f66;}.tatsu-HJStjSdeVF .tatsu-icon, .tatsu-HJStjSdeVF.tatsu-list-content::before{color: #ffffff ;}.tatsu-HJStjSdeVF{border-style: solid;}<\/style><\/li><li  class=\"tatsu-list-content tatsu-rkUtjHdlVY   \" ><div class=\"tatsu-list-inner\">\n<p><strong>Und wenn ich sp\u00e4ter Extras dazu buchen m\u00f6chte?<\/strong><\/p>\n<p>Jegliche Zus\u00e4tze k\u00f6nnen nat\u00fcrlich auch kurz vor, w\u00e4hrend oder ggf. nach dem Shooting entschieden werden.<\/p>\n<\/div><style>.tatsu-rkUtjHdlVY .tatsu-list-icon-wrap,.tatsu-rkUtjHdlVY.tatsu-list-content::before{background: #af9f66;}.tatsu-rkUtjHdlVY .tatsu-icon, .tatsu-rkUtjHdlVY.tatsu-list-content::before{color: #ffffff ;}.tatsu-rkUtjHdlVY{border-style: solid;}<\/style><\/li><li  class=\"tatsu-list-content tatsu-rJwKsS_gVt   \" ><div class=\"tatsu-list-inner\">\n<p><strong>Was steht auf dem Gutschein drauf?<\/strong><\/p>\n<p>Wir haben unseren Geschenkgutschein bewusst zur\u00fcckhaltend ohne Wertangabe gestaltet. Es bleibt ganz euch \u00fcberlassen, ein paar liebe Worte und die genaue Bestimmung Eures Geschenks handschriftlich im Gutschein einzuf\u00fcgen.<\/p>\n<\/div><style>.tatsu-rJwKsS_gVt .tatsu-list-icon-wrap,.tatsu-rJwKsS_gVt.tatsu-list-content::before{background: #af9f66;}.tatsu-rJwKsS_gVt .tatsu-icon, .tatsu-rJwKsS_gVt.tatsu-list-content::before{color: #ffffff ;}.tatsu-rJwKsS_gVt{border-style: solid;}<\/style><\/li><li  class=\"tatsu-list-content tatsu-Sy_KiS_e4K   \" ><div class=\"tatsu-list-inner\">\n<p><strong>Ich wei\u00df noch nicht ob es ein Akt-,\u00a0Babybauch-, Baby-, Portrait oder Whatever-Shooting\u00a0werden soll!<\/strong><\/p>\n<p>Kein Problem. Die oder der Gl\u00fcckliche kann immer frei entscheiden, f\u00fcr welche Art von Fotoshooting dein Wertgutschein verwendet wird.<\/p>\n<\/div><style>.tatsu-Sy_KiS_e4K .tatsu-list-icon-wrap,.tatsu-Sy_KiS_e4K.tatsu-list-content::before{background: #af9f66;}.tatsu-Sy_KiS_e4K .tatsu-icon, .tatsu-Sy_KiS_e4K.tatsu-list-content::before{color: #ffffff ;}.tatsu-Sy_KiS_e4K{border-style: solid;}<\/style><\/li><span class = \"tatsu-lists-timeline-element\"><\/span><\/ol><\/div><\/div><div class = \"tatsu-column-bg-image-wrap\"><div class = \"tatsu-column-bg-image tatsu-bg-lazyload\" data-src = \"\"><\/div><\/div><\/div><style>.tatsu-row > .tatsu-rkxKoHulEF.tatsu-column{width: 50%;}.tatsu-rkxKoHulEF.tatsu-column > .tatsu-column-inner > .tatsu-column-pad-wrap > .tatsu-column-pad{padding: 5% 10px 10px 10px;}.tatsu-rkxKoHulEF.tatsu-column > .tatsu-column-inner > .tatsu-column-overlay{mix-blend-mode: none;}.tatsu-rkxKoHulEF > .tatsu-column-inner > .tatsu-top-divider{z-index: 9999;}.tatsu-rkxKoHulEF > .tatsu-column-inner > .tatsu-bottom-divider{z-index: 9999;}.tatsu-rkxKoHulEF > .tatsu-column-inner > .tatsu-left-divider{z-index: 9999;}.tatsu-rkxKoHulEF > .tatsu-column-inner > .tatsu-right-divider{z-index: 9999;}@media only screen and (max-width:1377px) {.tatsu-row > .tatsu-rkxKoHulEF.tatsu-column{width: 50%;}}@media only screen and (min-width:768px) and (max-width: 1024px) {.tatsu-row > .tatsu-rkxKoHulEF.tatsu-column{width: 50%;}}@media only screen and (max-width: 767px) {.tatsu-row > .tatsu-rkxKoHulEF.tatsu-column{width: 100%;}}<\/style><\/div><div id=\"gutschein_bestellen\" class=\"tatsu-column  tatsu-bg-overlay tatsu-one-half tatsu-column-image-none tatsu-column-effect-none  tatsu-rJKFir_gEF\"  data-parallax-speed=\"0\" style=\"\"><div class=\"tatsu-column-inner \" ><div class=\"tatsu-column-pad-wrap\"><div class=\"tatsu-column-pad\" ><div  class=\"tatsu-module tatsu-text-block-wrap tatsu-HJ_fAuxNt  \"><div class=\"tatsu-text-inner tatsu-align-center  clearfix\" ><style>.tatsu-HJ_fAuxNt.tatsu-text-block-wrap .tatsu-text-inner{width: 100%;text-align: center;}.tatsu-HJ_fAuxNt.tatsu-text-block-wrap{margin: 0px 0px 60px 0px;}<\/style>\n<h3>Gutschein bestellen<\/h3>\n<\/div><\/div><div  class=\"tatsu-module tatsu-text-block-wrap tatsu-ByQSv_gNt  \"><div class=\"tatsu-text-inner tatsu-align-center  clearfix\" ><style>.tatsu-ByQSv_gNt.tatsu-text-block-wrap .tatsu-text-inner{width: 100%;text-align: center;}<\/style>\n<p>Bei Postversand deines Gutscheins schicken wir dir gerne eine Rechnung per Mail, die du per \u00dcberweisung begleichen kannst.<\/p>\n<\/div><\/div><div  class=\"tatsu-module tatsu-text-block-wrap tatsu-SyqKjSdlEK  \"><div class=\"tatsu-text-inner   clearfix\" ><style>.tatsu-SyqKjSdlEK.tatsu-text-block-wrap .tatsu-text-inner{width: 100%;text-align: left;}<\/style>\n<div class=\"wpcf7 no-js\" id=\"wpcf7-f7417-o1\" lang=\"en-US\" dir=\"ltr\" data-wpcf7-id=\"7417\">\n<div class=\"screen-reader-response\"><p role=\"status\" aria-live=\"polite\" aria-atomic=\"true\"><\/p> <ul><\/ul><\/div>\n<form action=\"\/koeln-fotograf\/wp-json\/wp\/v2\/pages\/5189#wpcf7-f7417-o1\" method=\"post\" class=\"wpcf7-form init\" aria-label=\"Contact form\" novalidate=\"novalidate\" data-status=\"init\">\n<fieldset class=\"hidden-fields-container\"><input type=\"hidden\" name=\"_wpcf7\" value=\"7417\" \/><input type=\"hidden\" name=\"_wpcf7_version\" value=\"6.1.5\" \/><input type=\"hidden\" name=\"_wpcf7_locale\" value=\"en_US\" \/><input type=\"hidden\" name=\"_wpcf7_unit_tag\" value=\"wpcf7-f7417-o1\" \/><input type=\"hidden\" name=\"_wpcf7_container_post\" value=\"0\" \/><input type=\"hidden\" name=\"_wpcf7_posted_data_hash\" value=\"\" \/><input type=\"hidden\" name=\"_wpcf7cf_hidden_group_fields\" value=\"[]\" \/><input type=\"hidden\" name=\"_wpcf7cf_hidden_groups\" value=\"[]\" \/><input type=\"hidden\" name=\"_wpcf7cf_visible_groups\" value=\"[]\" \/><input type=\"hidden\" name=\"_wpcf7cf_repeaters\" value=\"[]\" \/><input type=\"hidden\" name=\"_wpcf7cf_steps\" value=\"{}\" \/><input type=\"hidden\" name=\"_wpcf7cf_options\" value=\"{&quot;form_id&quot;:7417,&quot;conditions&quot;:[{&quot;then_field&quot;:&quot;group-628&quot;,&quot;and_rules&quot;:[{&quot;if_field&quot;:&quot;radio-934&quot;,&quot;operator&quot;:&quot;equals&quot;,&quot;if_value&quot;:&quot;Versand als P\\u00e4ckchen (2\\u20ac Porto)&quot;}]}],&quot;settings&quot;:{&quot;animation&quot;:&quot;yes&quot;,&quot;animation_intime&quot;:200,&quot;animation_outtime&quot;:200,&quot;conditions_ui&quot;:&quot;normal&quot;,&quot;notice_dismissed&quot;:false,&quot;notice_dismissed_rollback-cf7-5.6.2&quot;:true,&quot;notice_dismissed_rollback-cf7-5.8.6&quot;:true,&quot;notice_dismissed_rollback-cf7-5.8.7&quot;:true,&quot;notice_dismissed_rollback-cf7-5.9.4&quot;:true,&quot;notice_dismissed_rollback-cf7-6.0.2&quot;:true}}\" \/>\n<\/fieldset>\n<p><span class=\"wpcf7-form-control-wrap\" data-name=\"your-name\"><input size=\"40\" maxlength=\"400\" class=\"wpcf7-form-control wpcf7-text wpcf7-validates-as-required\" aria-required=\"true\" aria-invalid=\"false\" placeholder=\"Dein Name*\" value=\"\" type=\"text\" name=\"your-name\" \/><\/span>\n<\/p>\n<p><span class=\"wpcf7-form-control-wrap\" data-name=\"your-email\"><input size=\"40\" maxlength=\"400\" class=\"wpcf7-form-control wpcf7-email wpcf7-validates-as-required wpcf7-text wpcf7-validates-as-email\" aria-required=\"true\" aria-invalid=\"false\" placeholder=\"Deine Email Adresse*\" value=\"\" type=\"email\" name=\"your-email\" \/><\/span>\n<\/p>\n<p><span class=\"wpcf7-form-control-wrap\" data-name=\"radio-934\"><span class=\"wpcf7-form-control wpcf7-radio\"><span class=\"wpcf7-list-item first\"><label><input type=\"radio\" name=\"radio-934\" value=\"Versand als P\u00e4ckchen (2\u20ac Porto)\" \/><span class=\"wpcf7-list-item-label\">Versand als P\u00e4ckchen (2\u20ac Porto)<\/span><\/label><\/span><span class=\"wpcf7-list-item last\"><label><input type=\"radio\" name=\"radio-934\" value=\"Abholung im Studio Ehrenfeld\" checked=\"checked\" \/><span class=\"wpcf7-list-item-label\">Abholung im Studio Ehrenfeld<\/span><\/label><\/span><\/span><\/span>\n<\/p>\n<div data-id=\"group-628\" data-orig_data_id=\"group-628\"  class=\"\" data-class=\"wpcf7cf_group\">\n\t<p><span class=\"wpcf7-form-control-wrap\" data-name=\"Address-name\"><input size=\"40\" maxlength=\"400\" class=\"wpcf7-form-control wpcf7-text wpcf7-validates-as-required\" aria-required=\"true\" aria-invalid=\"false\" placeholder=\"An welche Adresse? (Name, Strasse, Hausnummer, PLZ)\" value=\"\" type=\"text\" name=\"Address-name\" \/><\/span>\n\t<\/p>\n<\/div>\n<p><span class=\"wpcf7-form-control-wrap\" data-name=\"to-name\"><input size=\"40\" maxlength=\"400\" class=\"wpcf7-form-control wpcf7-text wpcf7-validates-as-required\" aria-required=\"true\" aria-invalid=\"false\" placeholder=\"Name des \/ der Beschenkten*\" value=\"\" type=\"text\" name=\"to-name\" \/><\/span>\n<\/p>\n<p><span class=\"wpcf7-form-control-wrap\" data-name=\"value\"><input size=\"40\" maxlength=\"400\" class=\"wpcf7-form-control wpcf7-text wpcf7-validates-as-required\" aria-required=\"true\" aria-invalid=\"false\" placeholder=\"Welchen Wert soll der Gutschein haben?*\" value=\"\" type=\"text\" name=\"value\" \/><\/span>\n<\/p>\n<p><span class=\"wpcf7-form-control-wrap\" data-name=\"tel-23\"><input size=\"40\" maxlength=\"400\" class=\"wpcf7-form-control wpcf7-text\" aria-invalid=\"false\" placeholder=\"Gibst du uns eine Rufnummer f\u00fcr R\u00fcckfragen?\" value=\"\" type=\"text\" name=\"tel-23\" \/><\/span>\n<\/p>\n<p><span class=\"wpcf7-form-control-wrap\" data-name=\"textarea-838\"><textarea cols=\"40\" rows=\"10\" maxlength=\"2000\" class=\"wpcf7-form-control wpcf7-textarea\" aria-invalid=\"false\" placeholder=\"Hast du noch Fragen oder Hinweise? Gerne hier!\" name=\"textarea-838\"><\/textarea><\/span>\n<\/p>\n<p><input class=\"wpcf7-form-control wpcf7-submit has-spinner\" type=\"submit\" value=\"Senden\" \/>\n<\/p><div class=\"wpcf7-response-output\" aria-hidden=\"true\"><\/div>\n<\/form>\n<\/div>\n<br \/>\n<\/div><\/div><\/div><\/div><div class = \"tatsu-column-bg-image-wrap\"><div class = \"tatsu-column-bg-image tatsu-bg-lazyload\" data-src = \"\"><\/div><\/div><div class=\"tatsu-overlay tatsu-column-overlay tatsu-animate-none\" ><\/div><\/div><style>.tatsu-row > .tatsu-rJKFir_gEF.tatsu-column{width: 50%;}.tatsu-rJKFir_gEF.tatsu-column > .tatsu-column-inner{background-color: #fafafa;}.tatsu-rJKFir_gEF.tatsu-column > .tatsu-column-inner > .tatsu-column-pad-wrap > .tatsu-column-pad{padding: 5% 5% 5% 5%;}.tatsu-rJKFir_gEF.tatsu-column > .tatsu-column-inner > .tatsu-column-overlay{mix-blend-mode: normal;}.tatsu-rJKFir_gEF > .tatsu-column-inner > .tatsu-top-divider{z-index: 9999;}.tatsu-rJKFir_gEF > .tatsu-column-inner > .tatsu-bottom-divider{z-index: 9999;}.tatsu-rJKFir_gEF > .tatsu-column-inner > .tatsu-left-divider{z-index: 9999;}.tatsu-rJKFir_gEF > .tatsu-column-inner > .tatsu-right-divider{z-index: 9999;}@media only screen and (max-width:1377px) {.tatsu-row > .tatsu-rJKFir_gEF.tatsu-column{width: 50%;}}@media only screen and (min-width:768px) and (max-width: 1024px) {.tatsu-row > .tatsu-rJKFir_gEF.tatsu-column{width: 50%;}}@media only screen and (max-width: 767px) {.tatsu-row > .tatsu-rJKFir_gEF.tatsu-column{width: 100%;}}<\/style><\/div><\/div><\/div><\/div><div class=\"tatsu-section-background-wrap\"><div class = \"tatsu-section-background tatsu-bg-lazyload\" data-src = \"\"><\/div><\/div><style>.tatsu-fprhwwznvsc8b82t{border-width: 0px 0px px 0px;border-style: solid;}.tatsu-fprhwwznvsc8b82t .tatsu-section-pad{padding: 8% 7% 8% 7%;}.tatsu-fprhwwznvsc8b82t > .tatsu-bottom-divider{z-index: 9999;}.tatsu-fprhwwznvsc8b82t > .tatsu-top-divider{z-index: 9999;}<\/style><\/div><div  class=\"tatsu-fprhwwzpel42wphz tatsu-section    tatsu-clearfix\" data-title=\"\"  data-headerscheme=\"background--light\"><div class='tatsu-section-pad clearfix' data-padding='{\"d\":\"20px 0% 20px 0%\"}' data-padding-top='20px'><div class=\"tatsu-row-wrap  tatsu-wrap tatsu-row-one-col tatsu-row-has-one-cols tatsu-medium-gutter tatsu-reg-cols  tatsu-clearfix tatsu-fprhwwzpfgdsb0dg\" ><div  class=\"tatsu-row \" ><div  class=\"tatsu-column  tatsu-column-no-bg tatsu-one-col tatsu-column-image-none tatsu-column-effect-none  tatsu-fprhwwzpfz2uu6a9\"  data-parallax-speed=\"0\" style=\"\"><div class=\"tatsu-column-inner \" ><div class=\"tatsu-column-pad-wrap\"><div class=\"tatsu-column-pad\" ><div  class=\"tatsu-module tatsu-call-to-action tatsu-clearfix  tatsu-fprhwwzpgx927vk4  \" ><div class=\"tatsu-cta-inner\"><h5 class=\"tatsu-action-content\" >Gutschein bestellen, Fragen loswerden<\/h5><a class=\"mediumbtn tatsu-button rounded tatsu-action-button   \" href=\"#gutschein_bestellen\" data-gdpr-atts={} ><span>Jetzt Bestellen<\/span><\/a><style>.tatsu-fprhwwzpgx927vk4.tatsu-call-to-action{background-color: #af9f66;}.tatsu-fprhwwzpgx927vk4 .tatsu-action-content{color: #ffffff ;}.tatsu-fprhwwzpgx927vk4 .tatsu-action-button:hover{background: #000000;border-color: #000000; }.tatsu-fprhwwzpgx927vk4 .tatsu-action-button span{color: #ffffff ;}.tatsu-fprhwwzpgx927vk4 .tatsu-action-button:hover span{color: #ffffff ;}.tatsu-fprhwwzpgx927vk4 .tatsu-action-button{border-width: 2px;border-color: #ffffff; }<\/style><\/div><\/div><\/div><\/div><div class = \"tatsu-column-bg-image-wrap\"><div class = \"tatsu-column-bg-image tatsu-bg-lazyload\" data-src = \"\"><\/div><\/div><\/div><style>.tatsu-row > .tatsu-fprhwwzpfz2uu6a9.tatsu-column{width: 100%;}.tatsu-fprhwwzpfz2uu6a9.tatsu-column > .tatsu-column-inner > .tatsu-column-overlay{mix-blend-mode: none;}.tatsu-fprhwwzpfz2uu6a9 > .tatsu-column-inner > .tatsu-top-divider{z-index: 9999;}.tatsu-fprhwwzpfz2uu6a9 > .tatsu-column-inner > .tatsu-bottom-divider{z-index: 9999;}.tatsu-fprhwwzpfz2uu6a9 > .tatsu-column-inner > .tatsu-left-divider{z-index: 9999;}.tatsu-fprhwwzpfz2uu6a9 > .tatsu-column-inner > .tatsu-right-divider{z-index: 9999;}<\/style><\/div><\/div><\/div><\/div><div class=\"tatsu-section-background-wrap\"><div class = \"tatsu-section-background tatsu-bg-lazyload\" data-src = \"\"><\/div><\/div><style>.tatsu-fprhwwzpel42wphz.tatsu-section{background-color: #af9f66;}.tatsu-fprhwwzpel42wphz{border-width: 0px 0px px 0px;border-style: solid;}.tatsu-fprhwwzpel42wphz .tatsu-section-pad{padding: 20px 0% 20px 0%;}.tatsu-fprhwwzpel42wphz > .tatsu-bottom-divider{z-index: 9999;}.tatsu-fprhwwzpel42wphz > .tatsu-top-divider{z-index: 9999;}<\/style><\/div>\n","protected":false},"excerpt":{"rendered":"<p><a href=\"https:\/\/www.maigut-fotografie.de\/koeln-fotograf\/gutschein-fotoshooting\/\" class=\"more-link style3-button\">Weiterlesen<\/a><\/p>","protected":false},"author":1,"featured_media":7390,"parent":0,"menu_order":0,"comment_status":"closed","ping_status":"closed","template":"","meta":{"_acf_changed":false,"iawp_total_views":657,"footnotes":""},"class_list":["post-5189","page","type-page","status-publish","has-post-thumbnail","hentry"],"acf":[],"_links":{"self":[{"href":"https:\/\/www.maigut-fotografie.de\/koeln-fotograf\/wp-json\/wp\/v2\/pages\/5189","targetHints":{"allow":["GET"]}}],"collection":[{"href":"https:\/\/www.maigut-fotografie.de\/koeln-fotograf\/wp-json\/wp\/v2\/pages"}],"about":[{"href":"https:\/\/www.maigut-fotografie.de\/koeln-fotograf\/wp-json\/wp\/v2\/types\/page"}],"author":[{"embeddable":true,"href":"https:\/\/www.maigut-fotografie.de\/koeln-fotograf\/wp-json\/wp\/v2\/users\/1"}],"replies":[{"embeddable":true,"href":"https:\/\/www.maigut-fotografie.de\/koeln-fotograf\/wp-json\/wp\/v2\/comments?post=5189"}],"version-history":[{"count":7,"href":"https:\/\/www.maigut-fotografie.de\/koeln-fotograf\/wp-json\/wp\/v2\/pages\/5189\/revisions"}],"predecessor-version":[{"id":8082,"href":"https:\/\/www.maigut-fotografie.de\/koeln-fotograf\/wp-json\/wp\/v2\/pages\/5189\/revisions\/8082"}],"wp:featuredmedia":[{"embeddable":true,"href":"https:\/\/www.maigut-fotografie.de\/koeln-fotograf\/wp-json\/wp\/v2\/media\/7390"}],"wp:attachment":[{"href":"https:\/\/www.maigut-fotografie.de\/koeln-fotograf\/wp-json\/wp\/v2\/media?parent=5189"}],"curies":[{"name":"wp","href":"https:\/\/api.w.org\/{rel}","templated":true}]}}