{"id":4247,"date":"2016-07-14T14:05:09","date_gmt":"2016-07-14T12:05:09","guid":{"rendered":"https:\/\/www.maigut-fotografie.de\/koeln-fotograf\/?page_id=4247"},"modified":"2023-02-17T11:47:19","modified_gmt":"2023-02-17T10:47:19","slug":"agb","status":"publish","type":"page","link":"https:\/\/www.maigut-fotografie.de\/koeln-fotograf\/agb\/","title":{"rendered":"AGB"},"content":{"rendered":"<div  class=\"tatsu-fqentdzk5ob7ixla tatsu-section    tatsu-clearfix\" data-title=\"\"  data-headerscheme=\"background--dark\"><div class='tatsu-section-pad clearfix' data-padding='{\"d\":\"90px 0% 90px 0%\"}' data-padding-top='90px'><div class=\"tatsu-row-wrap  tatsu-wrap tatsu-row-one-col tatsu-row-has-one-cols tatsu-medium-gutter tatsu-reg-cols  tatsu-clearfix tatsu-fqentdzk6qdh651l\" ><div  class=\"tatsu-row \" ><div  class=\"tatsu-column  tatsu-column-no-bg tatsu-one-col tatsu-column-image-none tatsu-column-effect-none  tatsu-fqentdzk7d1a6h8g\"  data-parallax-speed=\"0\" style=\"\"><div class=\"tatsu-column-inner \" ><div class=\"tatsu-column-pad-wrap\"><div class=\"tatsu-column-pad\" ><div  class=\"special-subtitle-wrap  tatsu-fqentdzk8ffu3pih  \"  ><div class=\"align-center\"><span class=\"special-subtitle\" >Allgemeine Gesch\u00e4ftsbedingungen<\/span><\/div><style>.tatsu-fqentdzk8ffu3pih .special-subtitle{font-size: 28px;color: #af9f66 ;width: 100%;}.tatsu-fqentdzk8ffu3pih.special-subtitle-wrap{margin-bottom: 30px;}<\/style><\/div><div  class=\"tatsu-module tatsu-text-block-wrap tatsu-fqentdzke83rtbzi  \"><div class=\"tatsu-text-inner tatsu-align-center  clearfix\" ><style>.tatsu-fqentdzke83rtbzi.tatsu-text-block-wrap .tatsu-text-inner{text-align: left;}<\/style>\n<p>Stand: Februar 2023<\/p>\n<p>I.\u00a0\u00a0 Allgemeines<\/p>\n<p>1. Die nachfolgenden AGB gelten f\u00fcr alle dem Fotografen erteilten Auftr\u00e4ge. Sie gelten als vereinbart, wenn ihnen nicht umgehend widersprochen wird.<br \/>2. \u201eLichtbilder\u201c im Sinne dieser AGB sind alle vom Fotografen hergestellten Produkte, gleich in welcher technischen Form oder in welchem Medium sie erstellt wurden oder vorliegen. (Negative, Dia-Positive, Papierbilder, Still-Videos, digitale Bilder, elektronische Stehbilder in digitalisierter Form, Videos, Drucke, Leinwand, usw.)<\/p>\n<p>II.\u00a0 Urheberrecht<\/p>\n<p>1.\u00a0 Dem Fotografen steht das Urheberrecht an den Lichtbildern nach Massgabe des Urheberrechtsgesetzes zu.<br \/>2.\u00a0 Die vom Fotografen hergestellten Lichtbilder sind nur f\u00fcr den eigenen Gebrauch des Auftraggebers und des Fotografen bestimmt. Dies gilt in jedem Fall mit Ausnahme von gesonderten schriftlichen Absprachen.<br \/>3.\u00a0 \u00dcbertr\u00e4gt der Fotograf Nutzungsrechte an seinen Werken, ist \u2013 sofern nicht ausdr\u00fccklich etwas anderes vereinbart wurde \u2013 jeweils nur das einfache Nutzungsrecht \u00fcbertragen. Eine Weitergabe von Nutzungsrechten, insbesondere an Dritte, bedarf der besonderen Vereinbarung.<br \/>4.\u00a0 Die Nutzungsrechte gehen erst \u00fcber nach vollst\u00e4ndiger Bezahlung des Honorars an den Fotografen.<br \/>5.\u00a0 Der Auftraggeber darf die Lichtbilder zu privaten Zwecken nutzen und auch vervielf\u00e4ltigen.<br \/>6.\u00a0 Bei der Verwertung der Lichtbilder kann der Fotograf, sofern nichts anderes vereinbart wurde, verlangen, als Urheber des Lichtbildes genannt zu werden. Eine Verletzung des Rechts auf Namensnennung berechtigt den Fotografen zum Schadensersatz.<br \/>7.\u00a0 Die Namensnennung: \u201eFoto: Maigut Media&#8220;\u00a0ist bei jeder Ver\u00f6ffentlichung entweder direkt unter dem Bild oder im Impressum anzugeben, die gilt auch bei einem Buy Out von Fotos, au\u00dfer Gegenteiliges wurde gesondert schriftlich Vereinbart.<br \/>8. Als Urheber der Bilder ist Maigut Fotografie jederzeit berechtigt, jegliche Bilder welche im Auftrag oder als freie Arbeit erstanden sind zum Zwecke Eigenwerbung und Aufbau von Referenzen Online und als Print zu ver\u00f6ffentlichen. Die Aufgabe der Nutzungsrechte der Urheber (Karin &amp; Tobias Maigut) ist schriftlich zu vereinbaren. Eine zus\u00e4tzliche Verg\u00fctung der Urheber f\u00fcr die Aufgabe der Nutzungsrechte ist in diesem Falle entsprechend zu vereinbaren. Die Verpflichtung zur Nennung der Urheberschaft bei Nutzung der Fotos bleibt hiervon unber\u00fchrt.<\/p>\n<p>\u00a0<br \/>9.\u00a0 Die Rohdaten (RAW) verbleiben beim Fotografen.<\/p>\n<p>III.\u00a0\u00a0 Verg\u00fctung, Eigentumsvorbehalt<\/p>\n<p>1.\u00a0 F\u00fcr die Herstellung der Lichtbilder wird ein Honorar als Stundensatz, Tagessatz oder vereinbarte Pauschale zuz\u00fcglich der gesetzlichen Mehrwertsteuer\u00a0 berechnet; evtl. Nebenkosten (Reisekosten, Modellhonorare, Spesen, Requisiten, Labor- und Materialkosten, Studiomieten etc.) sind vom Auftraggeber zu tragen. Gegen\u00fcber Endverbrauchern weist der Fotograf die Endpreise inkl. Mehrwertsteuer aus.<\/p>\n<p>2.\u00a0 F\u00e4llige Rechnungen sind sofort ohne Abzug zu zahlen. Der Rechnungsbetrag wird sp\u00e4testens mit dem Zeitpunkt der Durchf\u00fchrung des Fotoshootings f\u00e4llig (prim\u00e4re Leistung ist damit erbracht). Die Bildbearbeitung, welche Teil von pauschalen Fotoshootingpaketen sein kann, beginnen wir erst nach vollst\u00e4ndiger Zahlung des Rechnungsbetrages. Der Auftraggeber ger\u00e4t in Verzug, wenn er f\u00e4llige Rechnungen nicht sp\u00e4testens 30 (in Worten: drei\u00dfig) Tage nach Zugang einer Rechnung oder gleichwertigen Zahlungsaufforderung begleicht. Dem Fotografen bleibt vorbehalten, den Verzug durch Erteilung einer nach F\u00e4lligkeit zugehenden Mahnung zu einem fr\u00fcheren Zeitpunkt herbeizuf\u00fchren.<\/p>\n<p>3.\u00a0 Bis zur vollst\u00e4ndigen Bezahlung des Kaufpreises bleiben die gelieferten Lichtbilder Eigentum des Fotografen. Sie d\u00fcrfen erst nach vollst\u00e4ndiger Zahlung dem Bestimmungszweck zugef\u00fchrt und zuvor keinesfalls ver\u00f6ffentlicht werden werden.<br \/>4.\u00a0 Hat der Auftraggeber dem Fotografen keine ausdr\u00fccklichen schriftlichen Weisungen hinsichtlich der Gestaltung der Lichtbilder gegeben, so sind Reklamationen\u00a0 bez\u00fcglich der Bildauffassung sowie der k\u00fcnstlerisch-technischen Gestaltung ausgeschlossen. W\u00fcnscht der Auftraggeber w\u00e4hrend oder nach der Aufnahmeproduktion \u00c4nderungen, so hat er die Mehrkosten zu tragen. Der Fotograf beh\u00e4lt den Verg\u00fctungs-Anspruch f\u00fcr bereits begonnene Arbeiten.<br \/>5. Eine 100%ige Anpassung von Lichtbildern an beim Auftraggeber oder beim Fotografen bereits vorhandene Bilder (z.B. Kontrast, Farbe, Helligkeit) kann nicht garantiert werden.<\/p>\n<p>IV.\u00a0 Haftung<\/p>\n<p>1.\u00a0 F\u00fcr die Verletzung von Pflichten, die nicht in unmittelbarem Zusammenhang mit wesentlichen Vertragspflichten stehen, haftet der Fotograf f\u00fcr sich und seine Erf\u00fcllungsgehilfen nur bei Vorsatz und grober Fahrl\u00e4ssigkeit. Er haftet ferner f\u00fcr Sch\u00e4den aus der Verletzung des Lebens, des K\u00f6rpers oder der Gesundheit sowie aus der Verletzung wesentlicher Vertragspflichten, die er oder seine Erf\u00fcllungsgehilfen durch schuldhafte Pflichtverletzungen herbeigef\u00fchrt haben. F\u00fcr Sch\u00e4den an Aufnahmeobjekten, Vorlagen, Filmen, Displays, Layouts, Negativen oder Daten haftet der Fotograf \u2013 wenn nichts anderes vereinbart wurde \u2013 nur bei Vorsatz und grober Fahrl\u00e4ssigkeit.<br \/>2 . Der Fotograf verwahrt die Negative und digitale Rohtaten sorgf\u00e4ltig. Er ist berechtigt, aber nicht verpflichtet, von ihm aufbewahrte Negative nach drei Jahren seit Beendigung des Auftrags zu vernichten.<br \/>3.\u00a0 Der Fotograf haftet f\u00fcr Lichtbest\u00e4ndigkeit und Dauerhaftigkeit der Lichtbilder nur im Rahmen der Garantieleistungen der Hersteller des Fotomaterials.<br \/>4.\u00a0 Die Zusendung und R\u00fccksendung von Filmen, Bildern und Vorlagen erfolgt auf Kosten und Gefahr des Auftraggebers. Der Auftraggeber kann bestimmen, wie und durch wen die R\u00fccksendung erfolgt.<\/p>\n<p>V.\u00a0\u00a0 Nebenpflichten<\/p>\n<p>1.\u00a0 Der Auftraggeber versichert, dass er an allen dem Fotografen \u00fcbergebenen Vorlagen das Vervielf\u00e4ltigungs- und Verbreitungsrecht sowie bei Personenbildnissen die Einwilligung der abgebildeten Personen zur Ver\u00f6ffentlichung, Vervielf\u00e4ltigung und Verbreitung besitzt. Ersatzanspr\u00fcche Dritter, die auf der Verletzung dieser Pflicht beruhen, tr\u00e4gt der Auftraggeber.<br \/>2.\u00a0 Der Auftraggeber verpflichtet sich, die Aufnahmeobjekte rechtzeitig zur Verf\u00fcgung zu stellen und unverz\u00fcglich nach der Aufnahme wieder abzuholen. Holt der Auftraggeber nach Aufforderung die Aufnahmeobjekte nicht sp\u00e4testens nach zwei Werktagen ab, ist der Fotograf berechtigt, gegebenenfalls Lagerkosten zu berechnen oder bei Blockierung seiner Studior\u00e4ume die Gegenst\u00e4nde auf Kosten des Auftraggebers auszulagern. Transport- und Lagerkosten gehen zu Lasten des Auftraggebers.<\/p>\n<p>VI.\u00a0\u00a0 Leistungsst\u00f6rung, Ausfallhonorar<\/p>\n<p>1.\u00a0 \u00dcberl\u00e4sst der Fotograf dem Auftraggeber mehrere Lichtbilder zur Auswahl, hat der Auftraggeber die nicht ausgew\u00e4hlten Lichtbilder innerhalb einer Woche nach Zugang \u2013 wenn keine l\u00e4ngere Zeit vereinbart wurde \u2013 auf eigene Kosten und Gefahr zur\u00fccksenden. F\u00fcr verlorene oder besch\u00e4digte Lichtbilder kann der Fotograf, sofern er den Verlust oder die Besch\u00e4digung nicht zu vertreten hat, Bezahlung verlangen.<br \/>2.\u00a0 \u00dcberl\u00e4sst der Fotograf dem Auftraggeber Bilder aus seinem Archiv, so hat der Auftraggeber die nicht ausgew\u00e4hlten Bilder innerhalb eines Monats nach Zugang beim Auftraggeber, die ausgew\u00e4hlten innerhalb eines Monats nach Verwendung zur\u00fcckzuschicken. Kommt der Auftraggeber mit der R\u00fccksendung in Verzug, kann der Fotograf eine Blockierungsgeb\u00fchr von 1 (in Worten: einem) Euro pro Tag und Bild verlangen, sofern nicht der Auftraggeber nachweist, dass ein Schaden nicht entstanden\u00a0 oder niedriger ist als die Schadenspauschale. Bei Verlust oder Besch\u00e4digung, die eine weitere Verwendung der Bilder ausschlie\u00dft, kann der Fotograf Schadenersatz verlangen. Der Schadenersatz betr\u00e4gt mindestens 1000 (in Worten: eintausend) Euro f\u00fcr jedes Original und 200 (in Worten: zweihundert) Euro f\u00fcr jedes Duplikat, sofern nicht der Auftraggeber nachweist, dass ein Schaden nicht entstanden\u00a0 oder niedriger ist als die Schadenspauschale. Die Geltendmachung eines h\u00f6heren Schadens bleibt dem Fotografen vorbehalten.<br \/>3.\u00a0 Wird die f\u00fcr die Durchf\u00fchrung des Auftrages vorgesehene Zeit aus Gr\u00fcnden, die der Fotograf nicht zu vertreten hat, wesentlich \u00fcberschritten, so erh\u00f6ht sich das Honorar des Fotografen, sofern ein Pauschalpreis vereinbart war, entsprechend. Ist ein Zeithonorar vereinbart, erh\u00e4lt der Fotograf auch f\u00fcr die Wartezeit den vereinbarten Stunden- oder Tagessatz, sofern nicht der Auftraggeber nachweist, dass dem Fotografen kein Schaden entstanden ist. Bei Vorsatz oder Fahrl\u00e4ssigkeit des Auftraggebers kann der Fotograf auch Schadensersatzanspr\u00fcche geltend machen.<br \/>4.\u00a0 Liefertermine f\u00fcr Lichtbilder sind nur dann verbindlich, wenn sie ausdr\u00fccklich vom Fotografen best\u00e4tigt worden sind. Der Fotograf haftet f\u00fcr Frist\u00fcberschreitung nur bei Vorsatz und grober Fahrl\u00e4ssigkeit.<\/p>\n<p>VII.\u00a0\u00a0\u00a0 Datenschutz<\/p>\n<p>Zum Gesch\u00e4ftsverkehr erforderliche personenbezogene Daten des Auftraggebers k\u00f6nnen gespeichert werden. Der Fotograf verpflichtet sich, alle ihm im Rahmen des Auftrages bekannt gewordenen Informationen vertraulich zu behandeln. Wir behalten uns vor, Bilddaten zur weiteren Bearbeitung (Bildbearbeitung, Druck etc.) an Dienstleister, ausschlie\u00dflich zur optimalen Bearbeitung des Auftrages, weiterzugeben. Die Daten auf dieser Website werden per SSL \u00fcber das HTTPS Protokoll verschl\u00fcsselt um \u00dcbertragung von Kundendaten abzusichern.<\/p>\n<p>Es gelten unsere Datenschutzbedingungen welche hier eingesehen werden k\u00f6nnen.<\/p>\n<p>VIII.\u00a0\u00a0 Digitale Fotografie<\/p>\n<p>1.\u00a0 Die Digitalisierung, Speicherung und Vervielf\u00e4ltigung der Lichtbilder des Fotografen auf Datentr\u00e4gern aller Art bedarf, sofern nicht im Angebot beschrieben, der vorherigen schriftlichen Zustimmung des Fotografen.<br \/>2.\u00a0 Die \u00dcbertragung von Nutzungsrechten beinhaltet, sofern nicht im Angebot beschrieben, nicht das Recht zur Speicherung und Vervielf\u00e4ltigung, wenn dieses Recht nicht ausdr\u00fccklich \u00fcbertragen wurde.<\/p>\n<p>IX.\u00a0\u00a0 Bildbearbeitung<\/p>\n<p>1. Die Bearbeitung von Lichtbildern des Fotografen und ihre Vervielf\u00e4ltigung und Verbreitung, analog oder digital, bedarf der vorherigen Zustimmung des Fotografen. Entsteht durch Foto-Composing, Montage oder sonstige elektronische Manipulation ein neues Werk, ist dieses mit [M] zu kennzeichnen. Die Urheber der verwendeten Werke und der Urheber des neuen Werkes sind Miturheber im Sinne des \u00a78UrhG.<br \/>2. Der Auftraggeber ist verpflichtet, Lichtbilder des Fotografen digital so zu speichern und zu kopieren, dass der Name des Fotografen mit den Bilddaten elektronisch verkn\u00fcpft wird.<br \/>3. Der Auftraggeber ist verpflichtet, diese elektronische Verkn\u00fcpfung so vorzunehmen, dass sie bei jeder Art von Daten\u00fcbertragung, bei jeder Wiedergabe auf Bildschirmen, bei allen Arten von Projektionen, insbesondere bei jeder \u00f6ffentlichen Wiedergabe, erhalten bleibt und der Fotograf als Urheber der Bilder klar und eindeutig identifizierbar ist.<br \/>4. Der Auftraggeber versichert, dass er dazu berechtigt ist, den Fotografen mit der elektronischen Bearbeitung fremder Lichtbilder zu beauftragen, wenn er einen solchen Auftrag erteilt. Er stellt den Fotografen von allen Anspr\u00fcchen Dritter frei, die auf der Verletzung dieser Pflicht beruhen.<\/p>\n<p>X.\u00a0 Nutzung und Verbreitung<\/p>\n<p>1.\u00a0 Die Verbreitung von Lichtbildern des Fotografen im Internet und in Intranets, in Online-Datenbanken, in elektronischen Archiven, die nicht nur f\u00fcr den internen Gebrauch des Auftraggebers bestimmt sind, auf USB-Speicherstick, DVD\u00a0oder \u00e4hnlichen Datentr\u00e4gern ist nur aufgrund einer besonderen Vereinbarung zwischen dem Fotografen und dem Auftraggeber gestattet.<br \/>2.\u00a0 Die Weitergabe digitalisierter Lichtbilder im Internet und in Intranets und auf Datentr\u00e4gern und Ger\u00e4ten, die zur \u00f6ffentlichen Wiedergabe auf Bildschirmen oder zur Herstellung von Soft- und Hardcopies geeignet sind, bedarf der vorherigen schriftlichen Zustimmung des Fotografen.<br \/>3.\u00a0 Die Vervielf\u00e4ltigung und Verbreitung von Bearbeitungen, die der Fotograf auf elektronischem Wege hergestellt hat, bed\u00fcrfen der vorherigen schriftlichen Zustimmung des Fotografen.<br \/>4.\u00a0 Der Fotograf ist nicht verpflichtet, Datentr\u00e4ger, Dateien und Daten an den Auftraggeber herauszugeben, wenn dies nicht ausdr\u00fccklich schriftlich vereinbart wurde.<br \/>5.\u00a0 Hat der Fotograf dem Auftraggeber Datentr\u00e4ger, Dateien und Daten zur Verf\u00fcgung gestellt, d\u00fcrfen diese nur mit vorheriger Einwilligung des Fotografen ver\u00e4ndert werden.<br \/>6.\u00a0 Gefahr und Kosten des Transports von Datentr\u00e4gern, Dateien und Daten online und offline liegen beim Auftraggeber; die Art und Weise der \u00dcbermittlung kann der Auftragnehmer bestimmen.<\/p>\n<p>XI. Widerrufsrecht:<br \/>Sie k\u00f6nnen Ihre Vertragserkl\u00e4rung innerhalb von zwei Wochen ohne Angabe von Gr\u00fcnden in Textform (z. B. Brief, E-Mail) widerrufen. Der Widerruf muss ausdr\u00fccklich erfolgen; die blo\u00dfe R\u00fccksendung erhaltener Ware reicht nicht aus. Die Frist beginnt nach Erhalt dieser Belehrung in Textform, jedoch nicht vor Eingang der Ware (bei wiederkehrender Lieferung gleichartiger Waren nicht vor Eingang der ersten Teillieferung) beim Empf\u00e4nger und auch nicht vor Erf\u00fcllung der Informationspflichten gem\u00e4\u00df Artikel 246 a \u00a7 1 Absatz 2 Satz 1 Nr. 1 oder Artikel 246 b \u00a7 2 Satz 1 EGBGB. Zur Wahrung der Widerrufsfrist gen\u00fcgt die rechtzeitige Absendung des Widerrufs.<br \/>Der Widerruf ist zu richten an:<br \/>Maigut Fotografie<br \/>Tobias Maigut<br \/>Gutenbergstr. 35 \/ Hof<br \/>50823 K\u00f6ln<br \/>E-Mail-Adresse:<br \/>mail@maigut-fotografie.de<\/p>\n<p>Widerrufsfolgen:<br \/>Im Falle eines wirksamen Widerrufs sind die beiderseits empfangenen Leistungen zur\u00fcck zu gew\u00e4hren und ggf. gezogene Nutzungen herauszugeben. K\u00f6nnen Sie uns die empfangene Leistung ganz oder teilweise nicht oder nur in verschlechtertem Zustand zur\u00fcckgew\u00e4hren, m\u00fcssen Sie insoweit Wertersatz leisten.<br \/>Bei der \u00dcberlassung von Waren gilt das nicht, wenn die Verschlechterung der Ware ausschlie\u00dflich auf deren Pr\u00fcfung \u2013 wie sie Ihnen etwa im Ladengesch\u00e4ft m\u00f6glich gewesen w\u00e4re \u2013 zur\u00fcckzuf\u00fchren ist. Im \u00dcbrigen k\u00f6nnen Sie die Pflicht zum Wertersatz f\u00fcr eine durch die bestimmungsgem\u00e4\u00dfe Ingebrauchnahme der Sache entstandene Verschlechterung vermeiden, indem Sie die Sache nicht wie ein Eigent\u00fcmer in Gebrauch nehmen und alles unterlassen, was deren Wert beeintr\u00e4chtigt.<br \/>Die erhaltene Ware ist auf unsere Gefahr zur\u00fcckzusenden, jedoch haben Sie die Kosten der R\u00fccksendung zu tragen, sofern die gelieferte Ware der bestellten entspricht. Verpflichtungen zur Erstattung von Zahlungen m\u00fcssen innerhalb von 30 Tagen erf\u00fcllt werden. Die Frist beginnt f\u00fcr Sie mit der Absendung der Widerrufserkl\u00e4rung, f\u00fcr uns mit deren Empfang.<\/p>\n<p>Wichtige Hinweise:<br \/>Soweit der Vertrag auf die Erbringung von Dienstleistungen gerichtet ist, gelten folgende Besonderheiten:<br \/>Soweit wir mit der Erbringung der Dienstleistung auf Ihren ausdr\u00fccklichen Wunsch vor Ablauf der Widerrufsfrist beginnen, erlischt Ihr Widerrufsrecht, wenn die Leistung vollst\u00e4ndig erbracht ist. F\u00fcr bis zum Widerruf erbrachte Teilleistungen haben wir einen Anspruch auf deren Verg\u00fctung. Mit der Annahme dieser AGB erkl\u00e4ren Sie Ihre Kenntnis von dem Verlust Ihres Widerrufsrechts unter den genannten Voraussetzungen.<br \/>Soweit der Vertrag auf Lieferung von digitalen Inhalten, die sich nicht auf einem k\u00f6rperlichen Datentr\u00e4ger befinden, gerichtet ist, erlischt Ihr Widerrufsrecht, wenn Sie mit der Erf\u00fcllung des Vertrages vor Ablauf der Widerrufsfrist ausdr\u00fccklich einverstanden sind. Mit der Annahme dieser AGB erkl\u00e4ren Sie Ihre Kenntnis von dem Verlust Ihres Widerrufsrechts unter dieser Voraussetzung.<br \/>Das Widerrufsrecht besteht nicht, wenn Sie in Aus\u00fcbung Ihrer gewerblichen oder selbst\u00e4ndigen beruflichen T\u00e4tigkeit gehandelt haben.<br \/>Das Widerrufsrecht besteht nicht, wenn Inhalt des Vertrages die Lieferung von Waren ist, die nach Ihrer Spezifikation angefertigt werden und die eindeutig auf Ihre pers\u00f6nlichen Bed\u00fcrfnisse zugeschnitten sind.<\/p>\n<p>XI.\u00a0\u00a0 Schlussbestimmungen<\/p>\n<p>Erf\u00fcllungsort f\u00fcr alle Verpflichtungen aus dem Vertragsverh\u00e4ltnis ist der Sitz des Fotografen (K\u00f6ln), wenn der Vertragspartner nicht Verbraucher ist. Sind beide Vertragsparteien Kaufleute, juristische Personen des \u00f6ffentlichen Rechts oder ein \u00f6ffentlich rechtliches Sonderverm\u00f6gen, so ist der Gesch\u00e4ftssitz des Fotografen als Gerichtsstand vereinbart.<\/p>\n<\/div><\/div><\/div><\/div><div class = \"tatsu-column-bg-image-wrap\"><div class = \"tatsu-column-bg-image tatsu-bg-lazyload\" data-src = \"\"><\/div><\/div><\/div><style>.tatsu-row > .tatsu-fqentdzk7d1a6h8g.tatsu-column{width: 100%;}.tatsu-fqentdzk7d1a6h8g.tatsu-column > .tatsu-column-inner > .tatsu-column-overlay{mix-blend-mode: none;}.tatsu-fqentdzk7d1a6h8g > .tatsu-column-inner > .tatsu-top-divider{z-index: 9999;}.tatsu-fqentdzk7d1a6h8g > .tatsu-column-inner > .tatsu-bottom-divider{z-index: 9999;}.tatsu-fqentdzk7d1a6h8g > .tatsu-column-inner > .tatsu-left-divider{z-index: 9999;}.tatsu-fqentdzk7d1a6h8g > .tatsu-column-inner > .tatsu-right-divider{z-index: 9999;}<\/style><\/div><\/div><\/div><\/div><div class=\"tatsu-section-background-wrap\"><div class = \"tatsu-section-background tatsu-bg-lazyload\" data-src = \"\"><\/div><\/div><style>.tatsu-fqentdzk5ob7ixla .tatsu-section-pad{padding: 90px 0% 90px 0%;}.tatsu-fqentdzk5ob7ixla > .tatsu-bottom-divider{z-index: 9999;}.tatsu-fqentdzk5ob7ixla > .tatsu-top-divider{z-index: 9999;}<\/style><\/div><div  class=\"tatsu-fqentdzkln1nnh8m tatsu-section    tatsu-clearfix\" data-title=\"\"  data-headerscheme=\"background--light\"><div class='tatsu-section-pad clearfix' data-padding='{\"d\":\"20px 0% 20px 0%\"}' data-padding-top='20px'><div class=\"tatsu-row-wrap  tatsu-wrap tatsu-row-one-col tatsu-row-has-one-cols tatsu-medium-gutter tatsu-reg-cols  tatsu-clearfix tatsu-fqentdzkmj5oytj1\" ><div  class=\"tatsu-row \" ><div  class=\"tatsu-column  tatsu-column-no-bg tatsu-one-col tatsu-column-image-none tatsu-column-effect-none  tatsu-fqentdzkn1qzegj\"  data-parallax-speed=\"0\" style=\"\"><div class=\"tatsu-column-inner \" ><div class=\"tatsu-column-pad-wrap\"><div class=\"tatsu-column-pad\" ><div  class=\"tatsu-module tatsu-call-to-action tatsu-clearfix  tatsu-fqentdzkny9v4icp  \" ><div class=\"tatsu-cta-inner\"><h5 class=\"tatsu-action-content\" >\u00dcberzeugt? Hier einen<\/h5><a class=\"mediumbtn tatsu-button rounded tatsu-action-button   \" href=\"\/koeln-fotograf\/kontakt\/\" data-gdpr-atts={} ><span>Termin vereinbaren!<\/span><\/a><style>.tatsu-fqentdzkny9v4icp.tatsu-call-to-action{background-color: #af9f66;}.tatsu-fqentdzkny9v4icp .tatsu-action-content{color: #ffffff ;}.tatsu-fqentdzkny9v4icp .tatsu-action-button:hover{background: #000000;border-color: #000000; }.tatsu-fqentdzkny9v4icp .tatsu-action-button span{color: #ffffff ;}.tatsu-fqentdzkny9v4icp .tatsu-action-button:hover span{color: #ffffff ;}.tatsu-fqentdzkny9v4icp .tatsu-action-button{border-width: 2px;border-color: #ffffff; }<\/style><\/div><\/div><\/div><\/div><div class = \"tatsu-column-bg-image-wrap\"><div class = \"tatsu-column-bg-image tatsu-bg-lazyload\" data-src = \"\"><\/div><\/div><\/div><style>.tatsu-row > .tatsu-fqentdzkn1qzegj.tatsu-column{width: 100%;}.tatsu-fqentdzkn1qzegj.tatsu-column > .tatsu-column-inner > .tatsu-column-overlay{mix-blend-mode: none;}.tatsu-fqentdzkn1qzegj > .tatsu-column-inner > .tatsu-top-divider{z-index: 9999;}.tatsu-fqentdzkn1qzegj > .tatsu-column-inner > .tatsu-bottom-divider{z-index: 9999;}.tatsu-fqentdzkn1qzegj > .tatsu-column-inner > .tatsu-left-divider{z-index: 9999;}.tatsu-fqentdzkn1qzegj > .tatsu-column-inner > .tatsu-right-divider{z-index: 9999;}<\/style><\/div><\/div><\/div><\/div><div class=\"tatsu-section-background-wrap\"><div class = \"tatsu-section-background tatsu-bg-lazyload\" data-src = \"\"><\/div><\/div><style>.tatsu-fqentdzkln1nnh8m.tatsu-section{background-color: #af9f66;}.tatsu-fqentdzkln1nnh8m{border-width: 0px 0px px 0px;border-style: solid;}.tatsu-fqentdzkln1nnh8m .tatsu-section-pad{padding: 20px 0% 20px 0%;}.tatsu-fqentdzkln1nnh8m > .tatsu-bottom-divider{z-index: 9999;}.tatsu-fqentdzkln1nnh8m > .tatsu-top-divider{z-index: 9999;}<\/style><\/div>\n","protected":false},"excerpt":{"rendered":"<p><a href=\"https:\/\/www.maigut-fotografie.de\/koeln-fotograf\/agb\/\" class=\"more-link style3-button\">Weiterlesen<\/a><\/p>","protected":false},"author":1,"featured_media":0,"parent":0,"menu_order":0,"comment_status":"closed","ping_status":"closed","template":"","meta":{"_acf_changed":false,"iawp_total_views":142,"footnotes":""},"class_list":["post-4247","page","type-page","status-publish","hentry"],"acf":[],"_links":{"self":[{"href":"https:\/\/www.maigut-fotografie.de\/koeln-fotograf\/wp-json\/wp\/v2\/pages\/4247","targetHints":{"allow":["GET"]}}],"collection":[{"href":"https:\/\/www.maigut-fotografie.de\/koeln-fotograf\/wp-json\/wp\/v2\/pages"}],"about":[{"href":"https:\/\/www.maigut-fotografie.de\/koeln-fotograf\/wp-json\/wp\/v2\/types\/page"}],"author":[{"embeddable":true,"href":"https:\/\/www.maigut-fotografie.de\/koeln-fotograf\/wp-json\/wp\/v2\/users\/1"}],"replies":[{"embeddable":true,"href":"https:\/\/www.maigut-fotografie.de\/koeln-fotograf\/wp-json\/wp\/v2\/comments?post=4247"}],"version-history":[{"count":0,"href":"https:\/\/www.maigut-fotografie.de\/koeln-fotograf\/wp-json\/wp\/v2\/pages\/4247\/revisions"}],"wp:attachment":[{"href":"https:\/\/www.maigut-fotografie.de\/koeln-fotograf\/wp-json\/wp\/v2\/media?parent=4247"}],"curies":[{"name":"wp","href":"https:\/\/api.w.org\/{rel}","templated":true}]}}